{"id":128040,"date":"2024-10-02T09:52:00","date_gmt":"2024-10-02T08:52:00","guid":{"rendered":"https:\/\/www.cleverreach.com\/service\/"},"modified":"2026-04-13T08:55:10","modified_gmt":"2026-04-13T06:55:10","slug":"servizio","status":"publish","type":"page","link":"https:\/\/www.cleverreach.com\/it\/vantaggi\/servizio\/","title":{"rendered":"Servizio personalizzato"},"content":{"rendered":"","protected":false},"excerpt":{"rendered":"","protected":false},"author":4,"featured_media":0,"parent":137806,"menu_order":0,"comment_status":"closed","ping_status":"closed","template":"templates\/page-content-blocks.php","meta":{"footnotes":""},"class_list":["post-128040","page","type-page","status-publish","hentry"],"meta_box":{"wec_item":[],"cb_layouts":[{"cb_select":"cb_t","cb_t":{"cb_t_nav_title":"I nostri esperti di email marketing sono al vostro fianco","cb_t_title":"I nostri esperti di email marketing sono al vostro fianco","cb_t_txt":"Crediamo che un buon servizio sia il segno distintivo di un buon software. Perch\u00e9, per quanto semplice e intuitivo sia, prima o poi avrete sempre una domanda. E i nostri esperti di assistenza sono l\u00ec per voi.","cb_t_btn":{"cb_t_btn_select_url":"internal"},"cb_t_layout":"col-100","cb_t_center":"1","cb_t_bg_color":"bg-white"},"cb_ti":{"cb_ti_btn":{"cb_ti_btn_select_url":"internal"},"cb_ti_btn2":{"cb_ti_btn2_select_url":"internal"},"cb_ti_bg_color":"bg-transparent","cb_ti_layout":"img_txt","cb_ti_t_layout":"inside"},"cb_tv":{"cb_tv_btn":{"cb_tv_btn_select_url":"internal"},"cb_tv_layout":"col-100","cb_tv_t_layout":"inside","cb_tv_bg_color":"bg-transparent"},"cb_it":{"cb_it_btn":{"cb_it_btn_select_url":"internal"},"cb_it_bg_color":"bg-transparent"},"cb_cta_banner":{"cb_cta_banner_btn":{"cb_cta_banner_btn_select_url":"internal"},"cb_cta_banner_bg_img":"bg-image-1 white"},"cb_ib":[{"cb_ib_btn":{"cb_ib_btn_select_url":"internal"}}],"cb_references":{"cb_ref_element_select":"0","cb_ref_layout":"slider"},"cb_testimonials":{"cb_test_layout":"single","cb_test_single_select":"0","cb_test_triple_select":["0"],"cb_test_bg_color":"full_bg_t","cb_test_bd_color_top":"bt--trans","cb_test_bd_color_bottom":"bb--trans"},"cb_tarifflist":{"cb_tarifflist_layout":"col","cb_tarifflist_tariffentry":[{"cb_tarifflist_tariffentry_select_tariff_coupon":"tariff"}],"cb_tarifflist_bg_color":"bg-transparent"},"cb_faq":{"cb_faq_bg_color":"bg-transparent"},"cb_is":{"cb_is_slider_select":"default","cb_is_element_select":"0","cb_is_btn":{"cb_is_btn_select_url":"internal"}}},{"cb_select":"cb_html","cb_t":{"cb_t_btn":{"cb_t_btn_select_url":"internal"},"cb_t_layout":"col-100","cb_t_bg_color":"bg-transparent"},"cb_ti":{"cb_ti_btn":{"cb_ti_btn_select_url":"internal"},"cb_ti_btn2":{"cb_ti_btn2_select_url":"internal"},"cb_ti_bg_color":"bg-transparent","cb_ti_layout":"img_txt","cb_ti_t_layout":"inside"},"cb_tv":{"cb_tv_btn":{"cb_tv_btn_select_url":"internal"},"cb_tv_layout":"col-100","cb_tv_t_layout":"inside","cb_tv_bg_color":"bg-transparent"},"cb_it":{"cb_it_btn":{"cb_it_btn_select_url":"internal"},"cb_it_bg_color":"bg-transparent"},"cb_cta_banner":{"cb_cta_banner_btn":{"cb_cta_banner_btn_select_url":"internal"},"cb_cta_banner_bg_img":"bg-image-1 white"},"cb_html":"<section class=\"ph1 pb4 bg-white\">\r\n  <div class=\"mw9 center df flex-wrap justify-center tc\">\r\n        <div class=\"df flex-column w-33-m mb2 pa2\">\r\n            <i class=\"fa-light fa-users mb2 f-2 center\"><\/i>\r\n            <h3>Persone reali<\/h3>\r\n            <p class=\"flex-grow-1\">Con noi potete rivolgervi a veri esperti del nostro team, non a call center anonimi.<\/p>\r\n        <\/div>\r\n        <div class=\"df flex-column w-33-m mb2 pa2\">\r\n            <i class=\"fa-light fa-graduation-cap mb2 f-2 center\"><\/i>\r\n            <h3>Per tutti i livelli di esperienza<\/h3>\r\n            <p class=\"flex-grow-1\">Che siate principianti o professionisti, abbiamo il supporto giusto per tutti i livelli di esperienza.<\/p>\r\n        <\/div>\r\n        <div class=\"df flex-column w-33-m mb2 pa2\">\r\n            <i class=\"fa-light fa-globe mb2 f-2 center\"><\/i>\r\n            <h3>Supporto in lingua tedesca<\/h3>\r\n            <p class=\"flex-grow-1\">Non solo il nostro programma per la newsletter \u00e8 \"Made in Germany\", ma anche il nostro servizio di assistenza interno ha sede a Rastede, vicino a Oldenburg.<\/p>\r\n        <\/div>\r\n    <\/div>\r\n<\/section>","cb_ib":[{"cb_ib_btn":{"cb_ib_btn_select_url":"internal"}}],"cb_references":{"cb_ref_element_select":"0","cb_ref_layout":"slider"},"cb_testimonials":{"cb_test_layout":"single","cb_test_single_select":"0","cb_test_triple_select":["0"],"cb_test_bg_color":"full_bg_t","cb_test_bd_color_top":"bt--trans","cb_test_bd_color_bottom":"bb--trans"},"cb_tarifflist":{"cb_tarifflist_layout":"col","cb_tarifflist_tariffentry":[{"cb_tarifflist_tariffentry_select_tariff_coupon":"tariff"}],"cb_tarifflist_bg_color":"bg-transparent"},"cb_faq":{"cb_faq_bg_color":"bg-transparent"},"cb_is":{"cb_is_slider_select":"default","cb_is_element_select":"0","cb_is_btn":{"cb_is_btn_select_url":"internal"}}},{"cb_select":"cb_testimonials","cb_t":{"cb_t_btn":{"cb_t_btn_select_url":"internal"},"cb_t_layout":"col-100","cb_t_bg_color":"bg-transparent"},"cb_ti":{"cb_ti_btn":{"cb_ti_btn_select_url":"internal"},"cb_ti_btn2":{"cb_ti_btn2_select_url":"internal"},"cb_ti_bg_color":"bg-transparent","cb_ti_layout":"img_txt","cb_ti_t_layout":"inside"},"cb_tv":{"cb_tv_btn":{"cb_tv_btn_select_url":"internal"},"cb_tv_layout":"col-100","cb_tv_t_layout":"inside","cb_tv_bg_color":"bg-transparent"},"cb_it":{"cb_it_btn":{"cb_it_btn_select_url":"internal"},"cb_it_bg_color":"bg-transparent"},"cb_cta_banner":{"cb_cta_banner_btn":{"cb_cta_banner_btn_select_url":"internal"},"cb_cta_banner_bg_img":"bg-image-1 white"},"cb_ib":[{"cb_ib_btn":{"cb_ib_btn_select_url":"internal"}}],"cb_references":{"cb_ref_element_select":"0","cb_ref_layout":"slider"},"cb_testimonials":{"cb_test_layout":"single","cb_test_single_select":"14","cb_test_triple_select":["0"],"cb_test_bg_color":"half_bg_v3","cb_test_bd_color_top":"bt--white","cb_test_bd_color_bottom":"bb--trans"},"cb_tarifflist":{"cb_tarifflist_layout":"col","cb_tarifflist_tariffentry":[{"cb_tarifflist_tariffentry_select_tariff_coupon":"tariff"}],"cb_tarifflist_bg_color":"bg-transparent"},"cb_faq":{"cb_faq_bg_color":"bg-transparent"},"cb_is":{"cb_is_slider_select":"default","cb_is_element_select":"0","cb_is_btn":{"cb_is_btn_select_url":"internal"}}},{"cb_select":"cb_np","cb_np":{"cb_np_title":"Il servizio giusto per tutti","cb_np_subtitle":"I nostri clienti sono diversi come le loro preferenze di servizio. Abbiamo l'offerta di servizi giusta per tutti loro."},"cb_t":{"cb_t_btn":{"cb_t_btn_select_url":"internal"},"cb_t_layout":"col-100","cb_t_bg_color":"bg-transparent"},"cb_ti":{"cb_ti_btn":{"cb_ti_btn_select_url":"internal"},"cb_ti_btn2":{"cb_ti_btn2_select_url":"internal"},"cb_ti_bg_color":"bg-transparent","cb_ti_layout":"img_txt","cb_ti_t_layout":"inside"},"cb_tv":{"cb_tv_btn":{"cb_tv_btn_select_url":"internal"},"cb_tv_layout":"col-100","cb_tv_t_layout":"inside","cb_tv_bg_color":"bg-transparent"},"cb_it":{"cb_it_btn":{"cb_it_btn_select_url":"internal"},"cb_it_bg_color":"bg-transparent"},"cb_cta_banner":{"cb_cta_banner_btn":{"cb_cta_banner_btn_select_url":"internal"},"cb_cta_banner_bg_img":"bg-image-1 white"},"cb_ib":[{"cb_ib_btn":{"cb_ib_btn_select_url":"internal"}}],"cb_references":{"cb_ref_element_select":"0","cb_ref_layout":"slider"},"cb_testimonials":{"cb_test_layout":"single","cb_test_single_select":"0","cb_test_triple_select":["0"],"cb_test_bg_color":"full_bg_t","cb_test_bd_color_top":"bt--trans","cb_test_bd_color_bottom":"bb--trans"},"cb_tarifflist":{"cb_tarifflist_layout":"col","cb_tarifflist_tariffentry":[{"cb_tarifflist_tariffentry_select_tariff_coupon":"tariff"}],"cb_tarifflist_bg_color":"bg-transparent"},"cb_faq":{"cb_faq_bg_color":"bg-transparent"},"cb_is":{"cb_is_slider_select":"default","cb_is_element_select":"0","cb_is_btn":{"cb_is_btn_select_url":"internal"}}},{"cb_select":"cb_ti","cb_t":{"cb_t_btn":{"cb_t_btn_select_url":"internal"},"cb_t_layout":"col-100","cb_t_bg_color":"bg-transparent"},"cb_ti":{"cb_ti_nav_title":"Istruzioni nel Centro assistenza","cb_ti_title":"Istruzioni passo-passo nel centro di assistenza","cb_ti_txt":"Nel nostro centro assistenza potete trovare le risposte alle vostre domande 24 ore su 24. Forniamo istruzioni dettagliate con schermate, FAQ e video tutorial per aiutarvi a utilizzare il nostro programma per newsletter.","cb_ti_btn":{"cb_ti_btn_select_url":"external","cb_ti_btn_txt":"Al centro di assistenza gratuito","cb_ti_btn_url_external":"https:\/\/support.cleverreach.com\/hc\/it\/"},"cb_ti_btn2":{"cb_ti_btn2_select_url":"internal"},"cb_ti_img":["125716"],"cb_ti_bg_color":"bg-transparent","cb_ti_layout":"img_txt","cb_ti_t_layout":"inside"},"cb_tv":{"cb_tv_btn":{"cb_tv_btn_select_url":"internal"},"cb_tv_layout":"col-100","cb_tv_t_layout":"inside","cb_tv_bg_color":"bg-transparent"},"cb_it":{"cb_it_btn":{"cb_it_btn_select_url":"internal"},"cb_it_bg_color":"bg-transparent"},"cb_cta_banner":{"cb_cta_banner_btn":{"cb_cta_banner_btn_select_url":"internal"},"cb_cta_banner_bg_img":"bg-image-1 white"},"cb_ib":[{"cb_ib_btn":{"cb_ib_btn_select_url":"internal"}}],"cb_references":{"cb_ref_element_select":"0","cb_ref_layout":"slider"},"cb_testimonials":{"cb_test_layout":"single","cb_test_single_select":"0","cb_test_triple_select":["0"],"cb_test_bg_color":"full_bg_t","cb_test_bd_color_top":"bt--trans","cb_test_bd_color_bottom":"bb--trans"},"cb_tarifflist":{"cb_tarifflist_layout":"col","cb_tarifflist_tariffentry":[{"cb_tarifflist_tariffentry_select_tariff_coupon":"tariff"}],"cb_tarifflist_bg_color":"bg-transparent"},"cb_faq":{"cb_faq_bg_color":"bg-transparent"},"cb_is":{"cb_is_slider_select":"default","cb_is_element_select":"0","cb_is_btn":{"cb_is_btn_select_url":"internal"}}},{"cb_select":"cb_ti","cb_t":{"cb_t_btn":{"cb_t_btn_select_url":"internal"},"cb_t_layout":"col-100","cb_t_bg_color":"bg-transparent"},"cb_ti":{"cb_ti_nav_title":"Supporto gratuito per i biglietti","cb_ti_title":"Supporto gratuito per i biglietti","cb_ti_txt":"Il nostro supporto gratuito \u00e8 disponibile per aiutarvi a risolvere domande specifiche. Inviando un supporto, riceverete l'assistenza del nostro team di esperti che si occuper\u00e0 della vostra richiesta individuale.\r\n\r\nLe richieste di assistenza saranno evase <strong>entro 72 ore<\/strong> durante l'orario di servizio: Dal luned\u00ec al venerd\u00ec dalle 8.00 alle 17.00.","cb_ti_btn":{"cb_ti_btn_select_url":"external","cb_ti_btn_txt":"Invia una richiesta","cb_ti_btn_url_external":"https:\/\/support.cleverreach.com\/hc\/it\/requests\/new"},"cb_ti_btn2":{"cb_ti_btn2_select_url":"internal"},"cb_ti_img":["125728"],"cb_ti_bg_color":"bg-transparent","cb_ti_layout":"txt_img","cb_ti_t_layout":"inside"},"cb_tv":{"cb_tv_btn":{"cb_tv_btn_select_url":"internal"},"cb_tv_layout":"col-100","cb_tv_t_layout":"inside","cb_tv_bg_color":"bg-transparent"},"cb_it":{"cb_it_btn":{"cb_it_btn_select_url":"internal"},"cb_it_bg_color":"bg-transparent"},"cb_cta_banner":{"cb_cta_banner_btn":{"cb_cta_banner_btn_select_url":"internal"},"cb_cta_banner_bg_img":"bg-image-1 white"},"cb_ib":[{"cb_ib_btn":{"cb_ib_btn_select_url":"internal"}}],"cb_references":{"cb_ref_element_select":"0","cb_ref_layout":"slider"},"cb_testimonials":{"cb_test_layout":"single","cb_test_single_select":"0","cb_test_triple_select":["0"],"cb_test_bg_color":"full_bg_t","cb_test_bd_color_top":"bt--trans","cb_test_bd_color_bottom":"bb--trans"},"cb_tarifflist":{"cb_tarifflist_layout":"col","cb_tarifflist_tariffentry":[{"cb_tarifflist_tariffentry_select_tariff_coupon":"tariff"}],"cb_tarifflist_bg_color":"bg-transparent"},"cb_faq":{"cb_faq_bg_color":"bg-transparent"},"cb_is":{"cb_is_slider_select":"default","cb_is_element_select":"0","cb_is_btn":{"cb_is_btn_select_url":"internal"}}},{"cb_select":"cb_ti","cb_t":{"cb_t_btn":{"cb_t_btn_select_url":"internal"},"cb_t_layout":"col-100","cb_t_bg_color":"bg-transparent"},"cb_ti":{"cb_ti_nav_title":"Supporto telefonico personale","cb_ti_title":"Supporto telefonico personale","cb_ti_txt":"Volete parlare direttamente con noi? Con il supporto opzionale <strong>Premium<\/strong>, potete raggiungerci anche per telefono. Anche le vostre richieste scritte di ticket avranno la priorit\u00e0 e saranno elaborate <strong>entro 24 ore<\/strong> durante l'orario di servizio.\r\n\r\nI nostri orari telefonici sono dal luned\u00ec al venerd\u00ec dalle 9.00 alle 12.00 e dal luned\u00ec al gioved\u00ec dalle 13.00 alle 16.00.","cb_ti_btn":{"cb_ti_btn_select_url":"modal","cb_ti_btn_txt":"Crea subito un account","cb_ti_btn_url_modal":"cr_pricing_modal_lite_default"},"cb_ti_btn2":{"cb_ti_btn2_select_url":"internal"},"cb_ti_img":["125722"],"cb_ti_bg_color":"bg-transparent","cb_ti_layout":"img_txt","cb_ti_t_layout":"inside"},"cb_tv":{"cb_tv_btn":{"cb_tv_btn_select_url":"internal"},"cb_tv_layout":"col-100","cb_tv_t_layout":"inside","cb_tv_bg_color":"bg-transparent"},"cb_it":{"cb_it_btn":{"cb_it_btn_select_url":"internal"},"cb_it_bg_color":"bg-transparent"},"cb_cta_banner":{"cb_cta_banner_btn":{"cb_cta_banner_btn_select_url":"internal"},"cb_cta_banner_bg_img":"bg-image-1 white"},"cb_ib":[{"cb_ib_btn":{"cb_ib_btn_select_url":"internal"}}],"cb_references":{"cb_ref_element_select":"0","cb_ref_layout":"slider"},"cb_testimonials":{"cb_test_layout":"single","cb_test_single_select":"0","cb_test_triple_select":["0"],"cb_test_bg_color":"full_bg_t","cb_test_bd_color_top":"bt--trans","cb_test_bd_color_bottom":"bb--trans"},"cb_tarifflist":{"cb_tarifflist_layout":"col","cb_tarifflist_tariffentry":[{"cb_tarifflist_tariffentry_select_tariff_coupon":"tariff"}],"cb_tarifflist_bg_color":"bg-transparent"},"cb_faq":{"cb_faq_bg_color":"bg-transparent"},"cb_is":{"cb_is_slider_select":"default","cb_is_element_select":"0","cb_is_btn":{"cb_is_btn_select_url":"internal"}}},{"cb_select":"cb_html","cb_t":{"cb_t_btn":{"cb_t_btn_select_url":"internal"},"cb_t_layout":"col-100","cb_t_bg_color":"bg-transparent"},"cb_ti":{"cb_ti_btn":{"cb_ti_btn_select_url":"internal"},"cb_ti_btn2":{"cb_ti_btn2_select_url":"internal"},"cb_ti_bg_color":"bg-transparent","cb_ti_layout":"img_txt","cb_ti_t_layout":"inside"},"cb_tv":{"cb_tv_btn":{"cb_tv_btn_select_url":"internal"},"cb_tv_layout":"col-100","cb_tv_t_layout":"inside","cb_tv_bg_color":"bg-transparent"},"cb_it":{"cb_it_btn":{"cb_it_btn_select_url":"internal"},"cb_it_bg_color":"bg-transparent"},"cb_cta_banner":{"cb_cta_banner_btn":{"cb_cta_banner_btn_select_url":"internal"},"cb_cta_banner_bg_img":"bg-image-1 white"},"cb_html":"<section class=\"ht-tabs ph1 pv4 bg-transparent\">\r\n<div class=\"mw9 center\">\r\n<div class=\"mw7 center tc\">\r\n<h2 class=\"mb3-m\">\r\nScoprite altre offerte di aiuto e suggerimenti<\/h2>\r\n<\/div>\r\n<div class=\"df flex-wrap nl1 nr1\">\r\n<div class=\"df w-33-m pa075\">\r\n<a href=\"\/it\/seminari\/seminari-online\/\">\r\n<div class=\"w-100 pa1 bg-white br2\">\r\n<div class=\"df mb075 items-center\">\r\n<i class=\"fa-light fa-graduation-cap df flex-center w2 h2 mr1 br-100 bg-orange-light orange\"><\/i><h3 class=\"ma0\">Seminari dal vivo<\/h3>\r\n<\/div>\r\n<p class=\"lh-title mb050 fw5 orange\">Imparare insieme<\/p>\r\n<p class=\"flex-grow-1\" style=\"color:var(--petrol-800)\">Imparate a conoscere le funzioni pi\u00f9 importanti nei nostri corsi di formazione gratuiti.<\/p>\r\n<\/div>\r\n<\/a>\r\n<\/div>\r\n<div class=\"df w-33-m pa075\">\r\n<a href=\"\/it\/push-magazine\/\">\r\n<div class=\"w-100 pa1 bg-white br2\">\r\n<div class=\"df mb075 items-center\">\r\n<i class=\"fa-light fa-star df flex-center w2 h2 mr1 br-100 bg-orange-light orange\"><\/i><h3 class=\"ma0\">PUSH magazine<\/h3>\r\n<\/div>\r\n<p class=\"lh-title mb050 fw5 orange\">Suggerimenti e trucchi<\/p>\r\n<p class=\"flex-grow-1\" style=\"color:var(--petrol-800)\">Lasciatevi ispirare dai numerosi consigli della nostra rivista di email marketing.<\/p>\r\n<\/div>\r\n<\/a>\r\n<\/div>\r\n<div class=\"df w-33-m pa075\">\r\n<a href=\"https:\/\/support.cleverreach.com\/hc\/it\/community\/topics\">\r\n<div class=\"w-100 pa1 bg-white br2\">\r\n<div class=\"df mb075 items-center\">\r\n<i class=\"fa-light fa-users df flex-center w2 h2 mr1 br-100 bg-orange-light orange\"><\/i><h3 class=\"ma0\">La nostra comunit\u00e0<\/h3>\r\n<\/div>\r\n<p class=\"lh-title mb050 fw5 orange\">Insieme per il successo<\/p>\r\n<p class=\"flex-grow-1\" style=\"color:var(--petrol-800)\">Approfittate dell'esperienza di altri clienti CleverReach o condividete le vostre conoscenze.<\/p>\r\n<\/div>\r\n<\/a>\r\n<\/div>\r\n<\/div>\r\n<\/div>\r\n<\/section>","cb_ib":[{"cb_ib_btn":{"cb_ib_btn_select_url":"internal"}}],"cb_references":{"cb_ref_element_select":"0","cb_ref_layout":"slider"},"cb_testimonials":{"cb_test_layout":"single","cb_test_single_select":"0","cb_test_triple_select":["0"],"cb_test_bg_color":"full_bg_t","cb_test_bd_color_top":"bt--trans","cb_test_bd_color_bottom":"bb--trans"},"cb_tarifflist":{"cb_tarifflist_layout":"col","cb_tarifflist_tariffentry":[{"cb_tarifflist_tariffentry_select_tariff_coupon":"tariff"}],"cb_tarifflist_bg_color":"bg-transparent"},"cb_faq":{"cb_faq_bg_color":"bg-transparent"},"cb_is":{"cb_is_slider_select":"default","cb_is_element_select":"0","cb_is_btn":{"cb_is_btn_select_url":"internal"}}},{"cb_select":"cb_ti","cb_t":{"cb_t_btn":{"cb_t_btn_select_url":"internal"},"cb_t_layout":"col-100","cb_t_bg_color":"bg-transparent"},"cb_ti":{"cb_ti_txt":"<blockquote>\r\n<h3>Un buon servizio \u00e8 importante per noi<\/h3>\r\nLa vostra soddisfazione \u00e8 la nostra motivazione.\r\nCome partner al vostro fianco, raggiungiamo insieme i migliori risultati.\r\n\r\n<span style=\"color: #ff6c3f;\">Il vostro team di assistenza CleverReach<\/span><\/blockquote>","cb_ti_btn":{"cb_ti_btn_select_url":"internal"},"cb_ti_btn2":{"cb_ti_btn2_select_url":"internal"},"cb_ti_img":[123220],"cb_ti_bg_color":"bg-orange-light","cb_ti_layout":"img_txt","cb_ti_t_layout":"inside"},"cb_tv":{"cb_tv_btn":{"cb_tv_btn_select_url":"internal"},"cb_tv_layout":"col-100","cb_tv_t_layout":"inside","cb_tv_bg_color":"bg-transparent"},"cb_it":{"cb_it_btn":{"cb_it_btn_select_url":"internal"},"cb_it_bg_color":"bg-transparent"},"cb_cta_banner":{"cb_cta_banner_btn":{"cb_cta_banner_btn_select_url":"internal"},"cb_cta_banner_bg_img":"bg-image-1 white"},"cb_ib":[{"cb_ib_btn":{"cb_ib_btn_select_url":"internal"}}],"cb_references":{"cb_ref_element_select":"0","cb_ref_layout":"slider"},"cb_testimonials":{"cb_test_layout":"single","cb_test_single_select":"0","cb_test_triple_select":["0"],"cb_test_bg_color":"full_bg_t","cb_test_bd_color_top":"bt--trans","cb_test_bd_color_bottom":"bb--trans"},"cb_tarifflist":{"cb_tarifflist_layout":"col","cb_tarifflist_tariffentry":[{"cb_tarifflist_tariffentry_select_tariff_coupon":"tariff"}],"cb_tarifflist_bg_color":"bg-transparent"},"cb_faq":{"cb_faq_bg_color":"bg-transparent"},"cb_is":{"cb_is_slider_select":"default","cb_is_element_select":"0","cb_is_btn":{"cb_is_btn_select_url":"internal"}}}],"hero_tt_title":"","hero_tt_txt":"","hero_tt_img":[],"cb_price_layout":[],"c_login_img":[],"c_login_bg_color":"","c_login_teaser":[],"modal_insert":[],"script_after_tagmanager":"","hero_ti_preline_txt":"","hero_ti_title":"Servizio personale ad altezza d'uomo","hero_ti_title_h1":"Supporto esperto per l'email marketing","hero_ti_txt":"<p>Con CleverReach non avrete solo un <a href=\"\/it\/\">programma per newsletter<\/a> di prima classe, ma anche un servizio personalizzato per tutte le vostre domande. Il nostro team di esperti vi fornir\u00e0 un supporto personalizzato per garantire il raggiungimento dei vostri obiettivi di marketing.<\/p>\n","hero_ti_btn":{"hero_ti_btn_select_url":"modal","hero_ti_btn_txt":"Il test \u00e8 ora gratuito","hero_ti_btn_url_modal":"cr_pricing_modal_lite_default"},"hero_ti_btn2":{"hero_ti_btn2_select_url":"internal"},"hero_ti_img":[{"width":900,"height":800,"file":"2025\/08\/cleverreach-service-hero-int.png","filesize":182023,"sizes":{"blog-img-hero-full":{"file":"cleverreach-service-hero-int-900x720.png","width":900,"height":720,"mime-type":"image\/png","filesize":183291},"blog-img-hero-medium":{"file":"cleverreach-service-hero-int-800x400.png","width":800,"height":400,"mime-type":"image\/png","filesize":104837},"blog-img-grid-full":{"file":"cleverreach-service-hero-int-720x480.png","width":720,"height":480,"mime-type":"image\/png","filesize":103989},"blog-img-grid-medium":{"file":"cleverreach-service-hero-int-540x360.png","width":540,"height":360,"mime-type":"image\/png","filesize":63096},"blog-img-grid-small":{"file":"cleverreach-service-hero-int-360x240.png","width":360,"height":240,"mime-type":"image\/png","filesize":31472},"hero-shape-full":{"file":"cleverreach-service-hero-int-720x640.png","width":720,"height":640,"mime-type":"image\/png","filesize":108167},"hero-shape-medium":{"file":"cleverreach-service-hero-int-540x480.png","width":540,"height":480,"mime-type":"image\/png","filesize":67707},"content-img-medium":{"file":"cleverreach-service-hero-int-720x640.png","width":720,"height":640,"mime-type":"image\/png","filesize":159421},"content-img-small":{"file":"cleverreach-service-hero-int-540x480.png","width":540,"height":480,"mime-type":"image\/png","filesize":96605}},"image_meta":{"aperture":"0","credit":"","camera":"","caption":"","created_timestamp":"0","copyright":"","focal_length":"0","iso":"0","shutter_speed":"0","title":"","orientation":"0","keywords":[]},"ID":"131198","name":"cleverreach-service-hero-int.png","path":"\/home\/cleverreach\/public_html\/wp-content\/uploads\/2025\/08\/cleverreach-service-hero-int.png","url":"https:\/\/www.cleverreach.com\/wp-content\/uploads\/2025\/08\/cleverreach-service-hero-int.png","title":"cleverreach-service-hero-int"}],"hero_ti_gfx":[],"hero_ti_shape":"ohne","hero_ti_richtext":"","hero_ti_bullets":[],"hero_ti_img_wireminds_shortcode":"","hero_ti_translation_protect":"0","cr_translation_protect":"0"},"_links":{"self":[{"href":"https:\/\/www.cleverreach.com\/it\/wp-json\/wp\/v2\/pages\/128040","targetHints":{"allow":["GET"]}}],"collection":[{"href":"https:\/\/www.cleverreach.com\/it\/wp-json\/wp\/v2\/pages"}],"about":[{"href":"https:\/\/www.cleverreach.com\/it\/wp-json\/wp\/v2\/types\/page"}],"author":[{"embeddable":true,"href":"https:\/\/www.cleverreach.com\/it\/wp-json\/wp\/v2\/users\/4"}],"replies":[{"embeddable":true,"href":"https:\/\/www.cleverreach.com\/it\/wp-json\/wp\/v2\/comments?post=128040"}],"version-history":[{"count":2,"href":"https:\/\/www.cleverreach.com\/it\/wp-json\/wp\/v2\/pages\/128040\/revisions"}],"predecessor-version":[{"id":128042,"href":"https:\/\/www.cleverreach.com\/it\/wp-json\/wp\/v2\/pages\/128040\/revisions\/128042"}],"up":[{"embeddable":true,"href":"https:\/\/www.cleverreach.com\/it\/wp-json\/wp\/v2\/pages\/137806"}],"wp:attachment":[{"href":"https:\/\/www.cleverreach.com\/it\/wp-json\/wp\/v2\/media?parent=128040"}],"curies":[{"name":"wp","href":"https:\/\/api.w.org\/{rel}","templated":true}]}}