{"id":87251,"date":"2023-07-17T11:59:34","date_gmt":"2023-07-17T10:59:34","guid":{"rendered":"https:\/\/www.cleverreach.com\/integrations-de-newsletters\/"},"modified":"2026-04-08T10:50:41","modified_gmt":"2026-04-08T08:50:41","slug":"integrations-newsletters","status":"publish","type":"page","link":"https:\/\/www.cleverreach.com\/fr\/integrations-newsletters\/","title":{"rendered":"Newsletter Int\u00e9grations"},"content":{"rendered":"<h3>Int\u00e9grations de newsletters<\/h3>\n<p>CleverReach vous propose de nombreuses int\u00e9grations de newsletters et des plugins vers des syst\u00e8mes CRM, CMS et de boutique externes. Vous pouvez ainsi cr\u00e9er et envoyer encore plus facilement des campagnes emailing intelligentes et exploiter pleinement le potentiel de vos donn\u00e9es.<\/p>\n","protected":false},"excerpt":{"rendered":"<p>Int\u00e9grations de newsletters CleverReach vous propose de nombreuses int\u00e9grations de newsletters et des plugins vers des syst\u00e8mes CRM, CMS et [&hellip;]<\/p>\n","protected":false},"author":21,"featured_media":0,"parent":0,"menu_order":20,"comment_status":"closed","ping_status":"closed","template":"taxonomy-integration_filter.php","meta":{"footnotes":""},"class_list":["post-87251","page","type-page","status-publish","hentry"],"meta_box":{"wec_item":[],"modal_insert":[],"script_after_tagmanager":"","c_login_img":[],"c_login_bg_color":"","c_login_teaser":[],"cb_price_layout":[],"hero_tt_title":"","hero_tt_txt":"","hero_tt_img":[],"hero_ti_preline_txt":"","hero_ti_title":"Plug &amp; Play - \u00e9tendez CleverReach !","hero_ti_title_h1":"Nombreuses int\u00e9grations de newsletters pour une extension intelligente de CleverReach","hero_ti_txt":"<p>Tirez encore plus de votre email marketing et connectez CleverReach \u00e0 votre boutique en ligne, votre syst\u00e8me CMS ou CRM.<\/p>\n","hero_ti_btn":{"hero_ti_btn_select_url":"internal"},"hero_ti_btn2":[],"hero_ti_img":[{"width":1155,"height":748,"file":"2022\/06\/img-hero-integrations.png","filesize":34927,"sizes":{"blog-img-hero-full":{"file":"img-hero-integrations-1155x720.png","width":1155,"height":720,"mime-type":"image\/png","filesize":32701},"blog-img-hero-medium":{"file":"img-hero-integrations-800x400.png","width":800,"height":400,"mime-type":"image\/png","filesize":22465},"blog-img-grid-full":{"file":"img-hero-integrations-720x480.png","width":720,"height":480,"mime-type":"image\/png","filesize":27333},"blog-img-grid-medium":{"file":"img-hero-integrations-540x360.png","width":540,"height":360,"mime-type":"image\/png","filesize":17239},"blog-img-grid-small":{"file":"img-hero-integrations-360x240.png","width":360,"height":240,"mime-type":"image\/png","filesize":11440},"hero-shape-full":{"file":"img-hero-integrations-720x640.png","width":720,"height":640,"mime-type":"image\/png","filesize":29133},"hero-shape-medium":{"file":"img-hero-integrations-540x480.png","width":540,"height":480,"mime-type":"image\/png","filesize":19635},"content-img-large":{"file":"img-hero-integrations-1000x648.png","width":1000,"height":648,"mime-type":"image\/png","filesize":38002},"content-img-medium":{"file":"img-hero-integrations-720x466.png","width":720,"height":466,"mime-type":"image\/png","filesize":24153},"content-img-small":{"file":"img-hero-integrations-540x350.png","width":540,"height":350,"mime-type":"image\/png","filesize":17367}},"image_meta":{"aperture":"0","credit":"","camera":"","caption":"","created_timestamp":"0","copyright":"","focal_length":"0","iso":"0","shutter_speed":"0","title":"","orientation":"0","keywords":[]},"ID":"102","name":"img-hero-integrations.png","path":"\/home\/cleverreach\/public_html\/wp-content\/uploads\/2022\/06\/img-hero-integrations.png","url":"https:\/\/www.cleverreach.com\/wp-content\/uploads\/2022\/06\/img-hero-integrations.png","title":"img-hero-integrations"}],"hero_ti_gfx":[],"hero_ti_shape":"","hero_ti_richtext":"","hero_ti_bullets":[],"hero_ti_img_wireminds_shortcode":"","hero_ti_translation_protect":"","cb_layouts":[{"cb_select":"cb_ti","cb_t":{"cb_t_btn":{"cb_t_btn_select_url":"internal"},"cb_t_layout":"col-100","cb_t_bg_color":"bg-transparent"},"cb_ti":{"cb_ti_btn":{"cb_ti_btn_select_url":"internal"},"cb_ti_bg_color":"bg-transparent","cb_ti_layout":"img_txt","cb_ti_t_layout":"inside"},"cb_tv":{"cb_tv_btn":{"cb_tv_btn_select_url":"internal"},"cb_tv_layout":"col-100","cb_tv_t_layout":"t_inside","cb_tv_bg_color":"bg-transparent"},"cb_it":{"cb_it_btn":{"cb_it_btn_select_url":"internal"},"cb_it_bg_color":"bg-transparent"},"cb_cta_banner":{"cb_cta_banner_btn":{"cb_cta_banner_btn_select_url":"internal"},"cb_cta_banner_bg_img":"bg-image-1 white"},"cb_ib":[{"cb_ib_btn":{"cb_ib_btn_select_url":"internal"}}],"cb_references":{"cb_ref_layout":"slider"},"cb_testimonials":{"cb_test_layout":"single","cb_test_single_select":"0"}}],"cr_translation_protect":""},"_links":{"self":[{"href":"https:\/\/www.cleverreach.com\/fr\/wp-json\/wp\/v2\/pages\/87251","targetHints":{"allow":["GET"]}}],"collection":[{"href":"https:\/\/www.cleverreach.com\/fr\/wp-json\/wp\/v2\/pages"}],"about":[{"href":"https:\/\/www.cleverreach.com\/fr\/wp-json\/wp\/v2\/types\/page"}],"author":[{"embeddable":true,"href":"https:\/\/www.cleverreach.com\/fr\/wp-json\/wp\/v2\/users\/21"}],"replies":[{"embeddable":true,"href":"https:\/\/www.cleverreach.com\/fr\/wp-json\/wp\/v2\/comments?post=87251"}],"version-history":[{"count":1,"href":"https:\/\/www.cleverreach.com\/fr\/wp-json\/wp\/v2\/pages\/87251\/revisions"}],"predecessor-version":[{"id":137765,"href":"https:\/\/www.cleverreach.com\/fr\/wp-json\/wp\/v2\/pages\/87251\/revisions\/137765"}],"wp:attachment":[{"href":"https:\/\/www.cleverreach.com\/fr\/wp-json\/wp\/v2\/media?parent=87251"}],"curies":[{"name":"wp","href":"https:\/\/api.w.org\/{rel}","templated":true}]}}