{"id":91107,"date":"2023-08-11T13:09:01","date_gmt":"2023-08-11T12:09:01","guid":{"rendered":"https:\/\/www.cleverreach.com\/soluciones-sectoriales\/b2b\/"},"modified":"2026-03-23T14:18:01","modified_gmt":"2026-03-23T13:18:01","slug":"b2b","status":"publish","type":"page","link":"https:\/\/www.cleverreach.com\/es\/soluciones\/b2b\/","title":{"rendered":"B2B"},"content":{"rendered":"","protected":false},"excerpt":{"rendered":"","protected":false},"author":21,"featured_media":0,"parent":134901,"menu_order":0,"comment_status":"closed","ping_status":"closed","template":"templates\/page-content-blocks.php","meta":{"footnotes":""},"class_list":["post-91107","page","type-page","status-publish","hentry"],"meta_box":{"wec_item":[],"modal_insert":[],"script_after_tagmanager":"","c_login_img":[],"c_login_bg_color":"","c_login_teaser":[],"cb_price_layout":[],"hero_tt_title":"","hero_tt_txt":"","hero_tt_img":[],"cb_layouts":[{"cb_select":"cb_t","cb_t":{"cb_t_title":"El software para newsletter m\u00e1s vers\u00e1til para su email marketing B2B","cb_t_txt":"El email marketing es tambi\u00e9n uno de los pilares m\u00e1s importantes del marketing mix en el sector B2B. Utilice el completo software para newsletter de CleverReach para realizar campa\u00f1as de email dirigidas a sus clientes B2B. Env\u00ede newsletters a sus socios comerciales con\r\n<ul>\r\n \t<li>Novedades de productos, emails de servicios, invitaciones a eventos o webinars<\/li>\r\n \t<li>Temas del sector y noticias de la empresa<\/li>\r\n<\/ul>","cb_t_btn":{"cb_t_btn_select_url":"modal","cb_t_btn_txt":"Empezar ahora gratis","cb_t_btn_url_modal":"cr_pricing_modal_lite_default"},"cb_t_layout":"col-100","cb_t_bg_color":"bg-transparent"},"cb_ti":{"cb_ti_btn":{"cb_ti_btn_select_url":"internal"},"cb_ti_btn2":{"cb_ti_btn2_select_url":"internal"},"cb_ti_bg_color":"bg-transparent","cb_ti_layout":"img_txt","cb_ti_t_layout":"inside"},"cb_tit":{"cb_tit_tab":[{"cb_tit_tab_btn":{"cb_tit_tab_btn_select_url":"internal"},"cb_tit_tab_layout":"img_txt"}]},"cb_tv":{"cb_tv_btn":{"cb_tv_btn_select_url":"internal"},"cb_tv_layout":"col-100","cb_tv_t_layout":"inside","cb_tv_bg_color":"bg-transparent"},"cb_it":{"cb_it_btn":{"cb_it_btn_select_url":"internal"},"cb_it_bg_color":"bg-transparent"},"cb_cta_banner":{"cb_cta_banner_btn":{"cb_cta_banner_btn_select_url":"internal"},"cb_cta_banner_bg_img":"bg-image-1 white"},"cb_ib":[{"cb_ib_btn":{"cb_ib_btn_select_url":"internal"}}],"cb_references":{"cb_ref_element_select":"0","cb_ref_layout":"slider"},"cb_testimonials":{"cb_test_layout":"single","cb_test_single_select":"0","cb_test_triple_select":["0"],"cb_test_bg_color":"full_bg_t","cb_test_bd_color_top":"bt--trans","cb_test_bd_color_bottom":"bb--trans"},"cb_tarifflist":{"cb_tarifflist_layout":"col","cb_tarifflist_tariffentry":[{"cb_tarifflist_tariffentry_select_tariff_coupon":"tariff"}],"cb_tarifflist_bg_color":"bg-transparent"},"cb_faq":{"cb_faq_bg_color":"bg-transparent"},"cb_is":{"cb_is_slider_select":"default","cb_is_element_select":"0","cb_is_btn":{"cb_is_btn_select_url":"internal"}}},{"cb_select":"cb_html","cb_t":{"cb_t_btn":{"cb_t_btn_select_url":"internal"},"cb_t_layout":"col-100","cb_t_bg_color":"bg-transparent"},"cb_ti":{"cb_ti_btn":{"cb_ti_btn_select_url":"internal"},"cb_ti_btn2":{"cb_ti_btn2_select_url":"internal"},"cb_ti_bg_color":"bg-transparent","cb_ti_layout":"img_txt","cb_ti_t_layout":"inside"},"cb_tit":{"cb_tit_tab":[{"cb_tit_tab_btn":{"cb_tit_tab_btn_select_url":"internal"},"cb_tit_tab_layout":"img_txt"}]},"cb_tv":{"cb_tv_btn":{"cb_tv_btn_select_url":"internal"},"cb_tv_layout":"col-100","cb_tv_t_layout":"inside","cb_tv_bg_color":"bg-transparent"},"cb_it":{"cb_it_btn":{"cb_it_btn_select_url":"internal"},"cb_it_bg_color":"bg-transparent"},"cb_cta_banner":{"cb_cta_banner_btn":{"cb_cta_banner_btn_select_url":"internal"},"cb_cta_banner_bg_img":"bg-image-1 white"},"cb_html":"<section class=\"ph1 pv4 bg-white\">\r\n    <div class=\"mw9 center df flex-wrap justify-center tc\">\r\n        <div class=\"df flex-column w-33-m mb2 pa2\">\r\n            <i class=\"fa-light fa-arrow-progress mb2 f-2 center\"><\/i>\r\n            <h3>Mailing automatizado<\/h3>\r\n            <p class=\"flex-grow-1\">Una vez creadas las rutas de email, sus clientes B2B recibir\u00e1n el correo adecuado en cualquier momento.<\/p>\r\n        <\/div>\r\n        <div class=\"df flex-column w-33-m mb2 pa2\">\r\n            <i class=\"fa-light fa-check mb2 f-2 center\"><\/i>\r\n            <h3>Informes claros<\/h3>\r\n            <p class=\"flex-grow-1\">Nuestro seguimiento proporciona una visi\u00f3n general f\u00e1cil de entender del \u00e9xito de sus campa\u00f1as de boletines.<\/p>\r\n        <\/div>\r\n        <div class=\"df flex-column w-33-m mb2 pa2\">\r\n            <i class=\"fa-light fa-hand-holding-circle-dollar mb2 f-2 center\"><\/i>\r\n            <h3>Siempre las tarifas adecuadas<\/h3>\r\n            <p class=\"flex-grow-1\">Benef\u00edciese de tarifas flexibles que crecen con usted, sin costes ocultos.<\/p>\r\n        <\/div>\r\n        <div class=\"df flex-column w-33-m mb2 pa2\">\r\n            <i class=\"fa-light fa-shield-check mb2 f-2 center\"><\/i>\r\n            <h3>Servidores seguros<\/h3>\r\n            <p class=\"flex-grow-1\">Env\u00ede newsletters que cumplan las normas de protecci\u00f3n de datos: entrega segura mediante listas blancas.<\/p>\r\n        <\/div>\r\n        <div class=\"df flex-column w-33-m mb2 pa2\">\r\n            <i class=\"fa-light fa-users mb2 f-2 center\"><\/i>\r\n            <h3>Gesti\u00f3n integral de destinatarios<\/h3>\r\n            <p class=\"flex-grow-1\">Segmentaci\u00f3n y etiquetado para enviar newsletters personalizadas a sus clientes B2B.<\/p>\r\n        <\/div>\r\n    <\/div>\r\n<\/section>","cb_ib":[{"cb_ib_btn":{"cb_ib_btn_select_url":"internal"}}],"cb_references":{"cb_ref_element_select":"0","cb_ref_layout":"slider"},"cb_testimonials":{"cb_test_layout":"single","cb_test_single_select":"0","cb_test_triple_select":["0"],"cb_test_bg_color":"full_bg_t","cb_test_bd_color_top":"bt--trans","cb_test_bd_color_bottom":"bb--trans"},"cb_tarifflist":{"cb_tarifflist_layout":"col","cb_tarifflist_tariffentry":[{"cb_tarifflist_tariffentry_select_tariff_coupon":"tariff"}],"cb_tarifflist_bg_color":"bg-transparent"},"cb_faq":{"cb_faq_bg_color":"bg-transparent"},"cb_is":{"cb_is_slider_select":"default","cb_is_element_select":"0","cb_is_btn":{"cb_is_btn_select_url":"internal"}}},{"cb_select":"cb_references","cb_t":{"cb_t_btn":{"cb_t_btn_select_url":"internal"},"cb_t_layout":"col-100","cb_t_bg_color":"bg-transparent"},"cb_ti":{"cb_ti_btn":{"cb_ti_btn_select_url":"internal"},"cb_ti_btn2":{"cb_ti_btn2_select_url":"internal"},"cb_ti_bg_color":"bg-transparent","cb_ti_layout":"img_txt","cb_ti_t_layout":"inside"},"cb_tit":{"cb_tit_tab":[{"cb_tit_tab_btn":{"cb_tit_tab_btn_select_url":"internal"},"cb_tit_tab_layout":"img_txt"}]},"cb_tv":{"cb_tv_btn":{"cb_tv_btn_select_url":"internal"},"cb_tv_layout":"col-100","cb_tv_t_layout":"inside","cb_tv_bg_color":"bg-transparent"},"cb_it":{"cb_it_btn":{"cb_it_btn_select_url":"internal"},"cb_it_bg_color":"bg-transparent"},"cb_cta_banner":{"cb_cta_banner_btn":{"cb_cta_banner_btn_select_url":"internal"},"cb_cta_banner_bg_img":"bg-image-1 white"},"cb_ib":[{"cb_ib_btn":{"cb_ib_btn_select_url":"internal"}}],"cb_references":{"cb_ref_element_select":"0","cb_ref_layout":"slider"},"cb_testimonials":{"cb_test_layout":"single","cb_test_single_select":"0","cb_test_triple_select":["0"],"cb_test_bg_color":"full_bg_t","cb_test_bd_color_top":"bt--trans","cb_test_bd_color_bottom":"bb--trans"},"cb_tarifflist":{"cb_tarifflist_layout":"col","cb_tarifflist_tariffentry":[{"cb_tarifflist_tariffentry_select_tariff_coupon":"tariff"}],"cb_tarifflist_bg_color":"bg-transparent"},"cb_faq":{"cb_faq_bg_color":"bg-transparent"},"cb_is":{"cb_is_slider_select":"default","cb_is_element_select":"0","cb_is_btn":{"cb_is_btn_select_url":"internal"}}},{"cb_select":"cb_it","cb_t":{"cb_t_btn":{"cb_t_btn_select_url":"internal"},"cb_t_layout":"col-100","cb_t_bg_color":"bg-transparent"},"cb_ti":{"cb_ti_btn":{"cb_ti_btn_select_url":"internal"},"cb_ti_btn2":{"cb_ti_btn2_select_url":"internal"},"cb_ti_bg_color":"bg-transparent","cb_ti_layout":"img_txt","cb_ti_t_layout":"inside"},"cb_tit":{"cb_tit_tab":[{"cb_tit_tab_btn":{"cb_tit_tab_btn_select_url":"internal"},"cb_tit_tab_layout":"img_txt"}]},"cb_tv":{"cb_tv_btn":{"cb_tv_btn_select_url":"internal"},"cb_tv_layout":"col-100","cb_tv_t_layout":"inside","cb_tv_bg_color":"bg-transparent"},"cb_it":{"cb_it_nav_title":"Email marketing para clientes B2B","cb_it_title":"Convenza a sus clientes B2B con el email marketing","cb_it_img":["68556"],"cb_it_txt":"Las newsletters son una herramienta de marketing muy utilizada en el sector del consumo, \u00a1y con raz\u00f3n! Ninguna otra medida de marketing tiene un ROI (retorno de la inversi\u00f3n) tan alto ni es tan f\u00e1cil de medir. Aproveche tambi\u00e9n las ventajas \u00fanicas para sus contactos comerciales\r\n\r\nLas campa\u00f1as de email marketing para clientes y socios comerciales pueden crearse con la misma rapidez que las dirigidas a los consumidores finales. Aqu\u00ed encontrar\u00e1 los 4 consejos m\u00e1s importantes para el email marketing B2B:\r\n\r\n<a href=\"\/es\/herramienta-email-marketing\/gestionar-destinatarios-newsletter\/segmentar-lista-destinatarios\/\"><strong>Listas de destinatarios<\/strong><\/a>una lista de destinatarios B2B es m\u00e1s bien peque\u00f1a, porque los contactos son los responsables de la toma de decisiones de una empresa y el n\u00famero de estas personas es manejable. Esto hace que cada direcci\u00f3n sea a\u00fan m\u00e1s importante. Por lo tanto, merece la pena investigar si la persona de contacto ha cambiado en caso de correos no entregados (rebotes). Atenci\u00f3n: En tal caso, no se limite a cambiar la direcci\u00f3n de email: la nueva persona de contacto debe aceptar recibir el newsletter. Para ello, utilice el procedimiento de doble opt-in\r\n\r\n<a href=\"\/es\/herramienta-email-marketing\/crear-disenar-newsletters\/\"><strong>Estructura<\/strong><\/a>vaya al grano r\u00e1pidamente e informe a su socio comercial lo suficiente, pero no en exceso. Su newsletter debe verse como algo valioso y no como una p\u00e9rdida de tiempo.\r\n\r\n<a href=\"\/es\/herramienta-email-marketing\/crear-disenar-newsletters\/\"><strong>Contenido<\/strong><\/a>la newsletter B2B ideal deber\u00eda ser lo m\u00e1s compacta posible, pero al mismo tiempo los productos y servicios son complejos y requieren una explicaci\u00f3n. Resuelva esta contradicci\u00f3n planificando campa\u00f1as de varias etapas y sirva a sus socios comerciales bocados f\u00e1cilmente digeribles o comprensibles\r\n\r\n<strong><a href=\"\/es\/herramienta-email-marketing\/informe-email-marketing\/\">Conversi\u00f3n<\/a><\/strong>: los procesos de toma de decisiones son mucho m\u00e1s largos y complejos en el sector B2B que en las campa\u00f1as B2C, ya que suelen intervenir varios departamentos y empleados. Por otra parte, los tratos comerciales suelen ser costosos e individualizados. Por lo tanto, los botones de llamada a la acci\u00f3n llamativos est\u00e1n fuera de lugar en las newsletter B2B; en su lugar, tiene sentido incluir una persona de contacto personal con la que el cliente pueda discutir la oferta.","cb_it_btn":{"cb_it_btn_select_url":"internal","cb_it_btn_txt":"Empezar ahora gratis"},"cb_it_bg_color":"bg-white"},"cb_cta_banner":{"cb_cta_banner_btn":{"cb_cta_banner_btn_select_url":"internal"},"cb_cta_banner_bg_img":"bg-image-1 white"},"cb_ib":[{"cb_ib_btn":{"cb_ib_btn_select_url":"internal"}}],"cb_references":{"cb_ref_element_select":"0","cb_ref_layout":"slider"},"cb_testimonials":{"cb_test_layout":"single","cb_test_single_select":"0","cb_test_triple_select":["0"],"cb_test_bg_color":"full_bg_t","cb_test_bd_color_top":"bt--trans","cb_test_bd_color_bottom":"bb--trans"},"cb_tarifflist":{"cb_tarifflist_layout":"col","cb_tarifflist_tariffentry":[{"cb_tarifflist_tariffentry_select_tariff_coupon":"tariff"}],"cb_tarifflist_bg_color":"bg-transparent"},"cb_faq":{"cb_faq_bg_color":"bg-transparent"},"cb_is":{"cb_is_slider_select":"default","cb_is_element_select":"0","cb_is_btn":{"cb_is_btn_select_url":"internal"}}},{"cb_select":"cb_it","cb_t":{"cb_t_btn":{"cb_t_btn_select_url":"internal"},"cb_t_layout":"col-100","cb_t_bg_color":"bg-transparent"},"cb_ti":{"cb_ti_btn":{"cb_ti_btn_select_url":"internal"},"cb_ti_btn2":{"cb_ti_btn2_select_url":"internal"},"cb_ti_bg_color":"bg-transparent","cb_ti_layout":"img_txt","cb_ti_t_layout":"inside"},"cb_tit":{"cb_tit_tab":[{"cb_tit_tab_btn":{"cb_tit_tab_btn_select_url":"internal"},"cb_tit_tab_layout":"img_txt"}]},"cb_tv":{"cb_tv_btn":{"cb_tv_btn_select_url":"internal"},"cb_tv_layout":"col-100","cb_tv_t_layout":"inside","cb_tv_bg_color":"bg-transparent"},"cb_it":{"cb_it_nav_title":"Su gesti\u00f3n de destinatarios","cb_it_title":"Su gesti\u00f3n de destinatarios: recopilaci\u00f3n, segmentaci\u00f3n y personalizaci\u00f3n de direcciones","cb_it_img":["65990"],"cb_it_txt":"En el sector B2B, puede obtener los datos de contacto de su <a href=\"\/es\/herramienta-email-marketing\/gestionar-destinatarios-newsletter\/segmentar-lista-destinatarios\/\">lista de destinatarios<\/a> en eventos del sector como ferias o conferencias, as\u00ed como a trav\u00e9s de su sitio web. Dado que desea recopilar clientes potenciales de alta calidad -las direcciones de los responsables de la toma de decisiones y los directivos-, su incentivo tambi\u00e9n debe ser de alta calidad: ofrezca intercambio de conocimientos e informaci\u00f3n en lugar de vales y concursos. Son adecuados los siguientes\r\n<ul>\r\n \t<li>White papers<\/li>\r\n \t<li>Seminarios web<\/li>\r\n \t<li>Casos pr\u00e1cticos e<\/li>\r\n \t<li>Invitaciones a eventos del sector<\/li>\r\n<\/ul>\r\nIncluso con una lista de direcciones manejable, merece la pena la <a href=\"\/es\/herramienta-email-marketing\/gestionar-destinatarios-newsletter\/segmentar-lista-destinatarios\/\">segmentaci\u00f3n en distintos grupos de destinatarios<\/a>. De este modo, sus contactos reciben el contenido adecuado para ellos. Por ejemplo, puede enviar diferentes versiones de su newsletter en funci\u00f3n de los pedidos anteriores o los servicios utilizados, o incluso del c\u00f3digo postal de la persona de contacto.\r\n\r\nAumente a\u00fan m\u00e1s la relevancia de sus newsletters B2B mediante <a href=\"\/es\/herramienta-email-marketing\/enviar-newsletter\/newsletters-personalizados\/\">la personalizaci\u00f3n<\/a>. Dir\u00edjase personalmente a su persona de contacto y env\u00edele ofertas adaptadas a ella y a su empresa.\r\n\r\n<strong>Importante<\/strong>: el email marketing B2B no es una v\u00eda de sentido \u00fanico, sino el preludio de una comunicaci\u00f3n exitosa con el cliente: convenza a sus clientes con un enfoque bien pensado y adecuado.","cb_it_btn":{"cb_it_btn_select_url":"internal"},"cb_it_bg_color":"bg-transparent","cb_it_img_rb":"1"},"cb_cta_banner":{"cb_cta_banner_btn":{"cb_cta_banner_btn_select_url":"internal"},"cb_cta_banner_bg_img":"bg-image-1 white"},"cb_ib":[{"cb_ib_btn":{"cb_ib_btn_select_url":"internal"}}],"cb_references":{"cb_ref_element_select":"0","cb_ref_layout":"slider"},"cb_testimonials":{"cb_test_layout":"single","cb_test_single_select":"0","cb_test_triple_select":["0"],"cb_test_bg_color":"full_bg_t","cb_test_bd_color_top":"bt--trans","cb_test_bd_color_bottom":"bb--trans"},"cb_tarifflist":{"cb_tarifflist_layout":"col","cb_tarifflist_tariffentry":[{"cb_tarifflist_tariffentry_select_tariff_coupon":"tariff"}],"cb_tarifflist_bg_color":"bg-transparent"},"cb_faq":{"cb_faq_bg_color":"bg-transparent"},"cb_is":{"cb_is_slider_select":"default","cb_is_element_select":"0","cb_is_btn":{"cb_is_btn_select_url":"internal"}}},{"cb_select":"cb_ti","cb_t":{"cb_t_btn":{"cb_t_btn_select_url":"internal"},"cb_t_layout":"col-100","cb_t_bg_color":"bg-transparent"},"cb_ti":{"cb_ti_nav_title":"CleverReach","cb_ti_title":"Integraciones CleverReach: la clave para una comunicaci\u00f3n fluida con el cliente","cb_ti_txt":"CleverReach hace que sea muy f\u00e1cil crear y gestionar sus listas de destinatarios B2B. Es a\u00fan m\u00e1s f\u00e1cil si integra nuestra completa herramienta de software de email marketing directamente en su CRM, CMS o sistema de comercio electr\u00f3nico. Encontrar\u00e1 un resumen de nuestros m\u00f3dulos y plugins listos para usar en Integraciones. La extensi\u00f3n CleverReach reduce el esfuerzo que supone transferir datos de un sistema a otro y, al mismo tiempo, evita los errores que pueden producirse durante la exportaci\u00f3n manual.\r\n\r\nDependiendo del sistema utilizado, estos datos se sincronizan en la herramienta de email marketing CleverReach:\r\n<ul>\r\n \t<li>Suscripciones y cancelaciones, datos personales<\/li>\r\n \t<li>Pedidos y otra informaci\u00f3n sobre la relaci\u00f3n comercial anterior<\/li>\r\n \t<li>Contenido de su sitio web o tienda<\/li>\r\n<\/ul>","cb_ti_btn":{"cb_ti_btn_select_url":"internal"},"cb_ti_btn2":{"cb_ti_btn2_select_url":"internal"},"cb_ti_img":["68552"],"cb_ti_bg_color":"bg-white","cb_ti_layout":"txt_img","cb_ti_t_layout":"top"},"cb_tit":{"cb_tit_tab":[{"cb_tit_tab_btn":{"cb_tit_tab_btn_select_url":"internal"},"cb_tit_tab_layout":"img_txt"}]},"cb_tv":{"cb_tv_btn":{"cb_tv_btn_select_url":"internal"},"cb_tv_layout":"col-100","cb_tv_t_layout":"inside","cb_tv_bg_color":"bg-transparent"},"cb_it":{"cb_it_btn":{"cb_it_btn_select_url":"internal"},"cb_it_bg_color":"bg-transparent"},"cb_cta_banner":{"cb_cta_banner_btn":{"cb_cta_banner_btn_select_url":"internal"},"cb_cta_banner_bg_img":"bg-image-1 white"},"cb_ib":[{"cb_ib_btn":{"cb_ib_btn_select_url":"internal"}}],"cb_references":{"cb_ref_element_select":"0","cb_ref_layout":"slider"},"cb_testimonials":{"cb_test_layout":"single","cb_test_single_select":"0","cb_test_triple_select":["0"],"cb_test_bg_color":"full_bg_t","cb_test_bd_color_top":"bt--trans","cb_test_bd_color_bottom":"bb--trans"},"cb_tarifflist":{"cb_tarifflist_layout":"col","cb_tarifflist_tariffentry":[{"cb_tarifflist_tariffentry_select_tariff_coupon":"tariff"}],"cb_tarifflist_bg_color":"bg-transparent"},"cb_faq":{"cb_faq_bg_color":"bg-transparent"},"cb_is":{"cb_is_slider_select":"default","cb_is_element_select":"0","cb_is_btn":{"cb_is_btn_select_url":"internal"}}},{"cb_select":"cb_ti","cb_t":{"cb_t_btn":{"cb_t_btn_select_url":"internal"},"cb_t_layout":"col-100","cb_t_bg_color":"bg-transparent"},"cb_ti":{"cb_ti_title":"La herramienta de email marketing profesional para el sector B2B","cb_ti_txt":"Aproveche las ventajas del software para newsletter profesional de CleverReach para su marketing de newsletter B2B:\r\n<ul>\r\n \t<li>Posibilidad de creaci\u00f3n de newsletter en tres editores (arrastrar y soltar, HTML y editor de texto fuente)<\/li>\r\n \t<li>Gesti\u00f3n completa de los destinatarios<\/li>\r\n \t<li>Personalizaci\u00f3n, segmentaci\u00f3n<\/li>\r\n \t<li>Integraci\u00f3n de sitios web y contenidos din\u00e1micos<\/li>\r\n \t<li>Amplias funciones de informes y seguimiento<\/li>\r\n \t<li>Email marketing automation<\/li>\r\n \t<li>M\u00e1xima seguridad de los datos y tasas de entrega<\/li>\r\n \t<li>Soporte gratuito<\/li>\r\n<\/ul>","cb_ti_btn":{"cb_ti_btn_select_url":"internal"},"cb_ti_btn2":{"cb_ti_btn2_select_url":"internal"},"cb_ti_img":["68554"],"cb_ti_bg_color":"bg-transparent","cb_ti_layout":"img_txt","cb_ti_t_layout":"top"},"cb_tit":{"cb_tit_tab":[{"cb_tit_tab_btn":{"cb_tit_tab_btn_select_url":"internal"},"cb_tit_tab_layout":"img_txt"}]},"cb_tv":{"cb_tv_btn":{"cb_tv_btn_select_url":"internal"},"cb_tv_layout":"col-100","cb_tv_t_layout":"inside","cb_tv_bg_color":"bg-transparent"},"cb_it":{"cb_it_btn":{"cb_it_btn_select_url":"internal"},"cb_it_bg_color":"bg-transparent"},"cb_cta_banner":{"cb_cta_banner_btn":{"cb_cta_banner_btn_select_url":"internal"},"cb_cta_banner_bg_img":"bg-image-1 white"},"cb_ib":[{"cb_ib_btn":{"cb_ib_btn_select_url":"internal"}}],"cb_references":{"cb_ref_element_select":"0","cb_ref_layout":"slider"},"cb_testimonials":{"cb_test_layout":"single","cb_test_single_select":"0","cb_test_triple_select":["0"],"cb_test_bg_color":"full_bg_t","cb_test_bd_color_top":"bt--trans","cb_test_bd_color_bottom":"bb--trans"},"cb_tarifflist":{"cb_tarifflist_layout":"col","cb_tarifflist_tariffentry":[{"cb_tarifflist_tariffentry_select_tariff_coupon":"tariff"}],"cb_tarifflist_bg_color":"bg-transparent"},"cb_faq":{"cb_faq_bg_color":"bg-transparent"},"cb_is":{"cb_is_slider_select":"default","cb_is_element_select":"0","cb_is_btn":{"cb_is_btn_select_url":"internal"}}}],"hero_ti_preline_txt":"","hero_ti_title":"Boletines B2B espec\u00edficos","hero_ti_title_h1":"Soluci\u00f3n de email marketing B2B para sus contactos comerciales","hero_ti_txt":"<p>La forma perfecta de dirigirse a los clientes de su empresa: utilice nuestro software para newsletter para inspirar a sus clientes corporativos con campa\u00f1as de email \u00fanicas.<\/p>\n<ul class=\"list-checkmark-circle-before\">\n<li>Emails conformes a la ley<\/li>\n<li>Soluciones de integraci\u00f3n<\/li>\n<li>Automatizaci\u00f3n del email<\/li>\n<\/ul>\n","hero_ti_btn":{"hero_ti_btn_select_url":"modal","hero_ti_btn_txt":"Prueba gratuita","hero_ti_btn_url_modal":"cr_pricing_modal_lite_default"},"hero_ti_btn2":{"hero_ti_btn2_select_url":"internal"},"hero_ti_img":[{"width":900,"height":800,"file":"2022\/06\/b2b-hero.png","filesize":284870,"sizes":{"blog-img-hero-full":{"file":"b2b-hero-900x720.png","width":900,"height":720,"mime-type":"image\/png","filesize":281024},"blog-img-hero-medium":{"file":"b2b-hero-800x400.png","width":800,"height":400,"mime-type":"image\/png","filesize":162326},"blog-img-grid-full":{"file":"b2b-hero-720x480.png","width":720,"height":480,"mime-type":"image\/png","filesize":154722},"blog-img-grid-medium":{"file":"b2b-hero-540x360.png","width":540,"height":360,"mime-type":"image\/png","filesize":89680},"blog-img-grid-small":{"file":"b2b-hero-360x240.png","width":360,"height":240,"mime-type":"image\/png","filesize":40946},"hero-shape-full":{"file":"b2b-hero-720x640.png","width":720,"height":640,"mime-type":"image\/png","filesize":172014},"hero-shape-medium":{"file":"b2b-hero-540x480.png","width":540,"height":480,"mime-type":"image\/png","filesize":98811},"content-img-medium":{"file":"b2b-hero-720x640.png","width":720,"height":640,"mime-type":"image\/png","filesize":172014},"content-img-small":{"file":"b2b-hero-540x480.png","width":540,"height":480,"mime-type":"image\/png","filesize":98811}},"image_meta":{"aperture":"0","credit":"","camera":"","caption":"","created_timestamp":"0","copyright":"","focal_length":"0","iso":"0","shutter_speed":"0","title":"","orientation":"0","keywords":[]},"ID":"68021","name":"b2b-hero.png","path":"\/home\/cleverreach\/public_html\/wp-content\/uploads\/2022\/06\/b2b-hero.png","url":"https:\/\/www.cleverreach.com\/wp-content\/uploads\/2022\/06\/b2b-hero.png","title":"b2b-hero"}],"hero_ti_gfx":[],"hero_ti_shape":"ohne","hero_ti_richtext":"","hero_ti_bullets":[],"hero_ti_img_wireminds_shortcode":"","hero_ti_translation_protect":"0","cr_translation_protect":"0"},"_links":{"self":[{"href":"https:\/\/www.cleverreach.com\/es\/wp-json\/wp\/v2\/pages\/91107","targetHints":{"allow":["GET"]}}],"collection":[{"href":"https:\/\/www.cleverreach.com\/es\/wp-json\/wp\/v2\/pages"}],"about":[{"href":"https:\/\/www.cleverreach.com\/es\/wp-json\/wp\/v2\/types\/page"}],"author":[{"embeddable":true,"href":"https:\/\/www.cleverreach.com\/es\/wp-json\/wp\/v2\/users\/21"}],"replies":[{"embeddable":true,"href":"https:\/\/www.cleverreach.com\/es\/wp-json\/wp\/v2\/comments?post=91107"}],"version-history":[{"count":1,"href":"https:\/\/www.cleverreach.com\/es\/wp-json\/wp\/v2\/pages\/91107\/revisions"}],"predecessor-version":[{"id":134913,"href":"https:\/\/www.cleverreach.com\/es\/wp-json\/wp\/v2\/pages\/91107\/revisions\/134913"}],"up":[{"embeddable":true,"href":"https:\/\/www.cleverreach.com\/es\/wp-json\/wp\/v2\/pages\/134901"}],"wp:attachment":[{"href":"https:\/\/www.cleverreach.com\/es\/wp-json\/wp\/v2\/media?parent=91107"}],"curies":[{"name":"wp","href":"https:\/\/api.w.org\/{rel}","templated":true}]}}