{"id":90970,"date":"2023-08-11T12:24:58","date_gmt":"2023-08-11T11:24:58","guid":{"rendered":"https:\/\/www.cleverreach.com\/agencias\/"},"modified":"2024-01-29T12:00:44","modified_gmt":"2024-01-29T11:00:44","slug":"agencias","status":"publish","type":"page","link":"https:\/\/www.cleverreach.com\/es\/agencias\/","title":{"rendered":"Agencias"},"content":{"rendered":"","protected":false},"excerpt":{"rendered":"","protected":false},"author":4,"featured_media":0,"parent":0,"menu_order":0,"comment_status":"closed","ping_status":"closed","template":"templates\/page-content-blocks.php","meta":{"footnotes":""},"class_list":["post-90970","page","type-page","status-publish","hentry"],"meta_box":{"wec_item":[],"modal_insert":[],"script_after_tagmanager":"","c_login_img":[],"c_login_bg_color":"","c_login_teaser":[],"cb_price_layout":[],"hero_tt_title":"M\u00e1ximo \u00e9xito de la agencia","hero_tt_txt":"","hero_tt_img":[],"cb_layouts":[{"cb_select":"cb_ti","cb_t":{"cb_t_btn":{"cb_t_btn_select_url":"internal","cb_t_btn_url_modal":"cr_pricing_modal_lite_default"},"cb_t_layout":"col-100","cb_t_bg_color":"bg-transparent"},"cb_ti":{"cb_ti_nav_title":"Soluci\u00f3n de agencia para sus proyectos de marketing por correo electr\u00f3nico","cb_ti_title":"La soluci\u00f3n inteligente de una agencia para sus proyectos de marketing por correo electr\u00f3nico","cb_ti_txt":"Con la soluci\u00f3n para agencias CleverReach podr\u00e1 gestionar de forma sencilla y clara varias cuentas de clientes en una cuenta central. Benef\u00edciese de una atractiva comisi\u00f3n de agencia o comercialice nuestra herramienta con la pr\u00e1ctica soluci\u00f3n de marca blanca como soluci\u00f3n propia en su dise\u00f1o corporativo.","cb_ti_btn":{"cb_ti_btn_select_url":"external","cb_ti_btn_txt":"M\u00e1s informaci\u00f3n sobre la soluci\u00f3n de agencia","cb_ti_btn_url_external":"https:\/\/agency.cleverreach.com\/de-de\/email-marketing-agentur\/"},"cb_ti_img":["68568"],"cb_ti_bg_color":"bg-white","cb_ti_layout":"img_txt","cb_ti_t_layout":"inside"},"cb_tv":{"cb_tv_btn":{"cb_tv_btn_select_url":"internal","cb_tv_btn_url_modal":"cr_pricing_modal_lite_default"},"cb_tv_layout":"col-100","cb_tv_t_layout":"inside","cb_tv_bg_color":"bg-transparent"},"cb_it":{"cb_it_btn":{"cb_it_btn_select_url":"internal","cb_it_btn_url_modal":"cr_pricing_modal_lite_default"},"cb_it_bg_color":"bg-transparent"},"cb_cta_banner":{"cb_cta_banner_btn":{"cb_cta_banner_btn_select_url":"internal"},"cb_cta_banner_bg_img":"bg-image-1 white"},"cb_ib":[{"cb_ib_btn":{"cb_ib_btn_select_url":"internal"}}],"cb_references":{"cb_ref_element_select":"0","cb_ref_layout":"slider"},"cb_testimonials":{"cb_test_layout":"single","cb_test_single_select":"0","cb_test_bg_color":"bg-transparent"},"cb_tarifflist":{"cb_tarifflist_layout":"col","cb_tarifflist_tariffentry":[{"cb_tarifflist_tariffentry_select_tariff_coupon":"tariff"}],"cb_tarifflist_panel_displayentries":["title","desc","features"],"cb_tarifflist_modal_displayentries":["title","features"]},"cb_faq":{"cb_faq_bg_color":"bg-transparent"},"cb_is":{"cb_is_slider_select":"default","cb_is_element_select":"0","cb_is_btn":{"cb_is_btn_select_url":"internal"}}},{"cb_select":"cb_ti","cb_t":{"cb_t_btn":{"cb_t_btn_select_url":"internal"},"cb_t_layout":"col-100","cb_t_bg_color":"bg-transparent"},"cb_ti":{"cb_ti_nav_title":"Aumente su visibilidad con CleverAgency","cb_ti_title":"Aumente su visibilidad con el directorio de agencias CleverAgency","cb_ti_txt":"Demuestre su experiencia como agencia de email marketing y gane nuevos clientes con el directorio de agencias de CleverAgency. Con una entrada de agencia gratuita, puede presentar su gama de servicios en el campo del email marketing de forma espec\u00edfica. Aprovecha la relevancia de CleverAgency para posicionar con \u00e9xito tu agencia y destacar entre la competencia.","cb_ti_btn":{"cb_ti_btn_select_url":"external","cb_ti_btn_txt":"Al directorio de agencias CleverAgency","cb_ti_btn_url_external":"https:\/\/agency.cleverreach.com\/de-de\/email-marketing-agentur\/"},"cb_ti_img":["86744"],"cb_ti_bg_color":"bg-transparent","cb_ti_layout":"txt_img","cb_ti_t_layout":"inside"},"cb_tv":{"cb_tv_btn":{"cb_tv_btn_select_url":"internal"},"cb_tv_layout":"col-100","cb_tv_t_layout":"inside","cb_tv_bg_color":"bg-transparent"},"cb_it":{"cb_it_btn":{"cb_it_btn_select_url":"internal"},"cb_it_bg_color":"bg-transparent"},"cb_cta_banner":{"cb_cta_banner_btn":{"cb_cta_banner_btn_select_url":"internal"},"cb_cta_banner_bg_img":"bg-image-1 white"},"cb_ib":[{"cb_ib_btn":{"cb_ib_btn_select_url":"internal"}}],"cb_references":{"cb_ref_element_select":"0","cb_ref_layout":"slider"},"cb_testimonials":{"cb_test_layout":"single","cb_test_single_select":"0","cb_test_bg_color":"bg-transparent"},"cb_tarifflist":{"cb_tarifflist_layout":"col","cb_tarifflist_tariffentry":[{"cb_tarifflist_tariffentry_select_tariff_coupon":"tariff"}]},"cb_faq":{"cb_faq_bg_color":"bg-transparent"},"cb_is":{"cb_is_slider_select":"default","cb_is_element_select":"0","cb_is_btn":{"cb_is_btn_select_url":"internal"}}}],"hero_ti_preline_txt":"","hero_ti_title":"M\u00e1ximo \u00e9xito de la agencia","hero_ti_title_h1":"Benef\u00edciese como agencia de soluciones personalizadas","hero_ti_txt":"<p>CleverReach le ofrece soluciones a medida para las necesidades de su agencia. Cree con nuestra <a href=\"https:\/\/www.cleverreach.com\/es\/agencias\/solucion-agencia\/\">soluci\u00f3n para agencias<\/a> campa\u00f1as eficaces para sus clientes y gestione con claridad todas las subcuentas. Adem\u00e1s, el <a href=\"https:\/\/agency.cleverreach.com\/de-de\/\" target=\"_blank\" rel=\"noopener\">directorio de agencias CleverAgency<\/a> le permite presentar de forma \u00f3ptima su experiencia y acceder a clientes potenciales.<\/p>\n<p>Conf\u00ede en CleverReach para posicionar con \u00e9xito su agencia en el marketing por correo electr\u00f3nico y benef\u00edciese de nuestra asistencia personalizada.<\/p>\n","hero_ti_btn":{"hero_ti_btn_select_url":"internal"},"hero_ti_btn2":[],"hero_ti_img":[{"width":900,"height":800,"file":"2022\/06\/email-marketing-agenturen-hero.png","filesize":222149,"sizes":{"blog-img-hero-full":{"file":"email-marketing-agenturen-hero-900x720.png","width":900,"height":720,"mime-type":"image\/png","filesize":213483},"blog-img-hero-medium":{"file":"email-marketing-agenturen-hero-800x400.png","width":800,"height":400,"mime-type":"image\/png","filesize":136649},"blog-img-grid-full":{"file":"email-marketing-agenturen-hero-720x480.png","width":720,"height":480,"mime-type":"image\/png","filesize":130932},"blog-img-grid-medium":{"file":"email-marketing-agenturen-hero-540x360.png","width":540,"height":360,"mime-type":"image\/png","filesize":77635},"blog-img-grid-small":{"file":"email-marketing-agenturen-hero-360x240.png","width":360,"height":240,"mime-type":"image\/png","filesize":37138},"hero-shape-full":{"file":"email-marketing-agenturen-hero-720x640.png","width":720,"height":640,"mime-type":"image\/png","filesize":142006},"hero-shape-medium":{"file":"email-marketing-agenturen-hero-540x480.png","width":540,"height":480,"mime-type":"image\/png","filesize":85628},"content-img-medium":{"file":"email-marketing-agenturen-hero-720x640.png","width":720,"height":640,"mime-type":"image\/png","filesize":142006},"content-img-small":{"file":"email-marketing-agenturen-hero-540x480.png","width":540,"height":480,"mime-type":"image\/png","filesize":85628}},"image_meta":{"aperture":"0","credit":"","camera":"","caption":"","created_timestamp":"0","copyright":"","focal_length":"0","iso":"0","shutter_speed":"0","title":"","orientation":"0","keywords":[]},"ID":"68032","name":"email-marketing-agenturen-hero.png","path":"\/home\/cleverreach\/public_html\/wp-content\/uploads\/2022\/06\/email-marketing-agenturen-hero.png","url":"https:\/\/www.cleverreach.com\/wp-content\/uploads\/2022\/06\/email-marketing-agenturen-hero.png","title":"email-marketing-agenturen-hero"}],"hero_ti_gfx":[],"hero_ti_shape":"","hero_ti_richtext":"","hero_ti_bullets":[],"hero_ti_img_wireminds_shortcode":"","hero_ti_translation_protect":"","cr_translation_protect":""},"_links":{"self":[{"href":"https:\/\/www.cleverreach.com\/es\/wp-json\/wp\/v2\/pages\/90970","targetHints":{"allow":["GET"]}}],"collection":[{"href":"https:\/\/www.cleverreach.com\/es\/wp-json\/wp\/v2\/pages"}],"about":[{"href":"https:\/\/www.cleverreach.com\/es\/wp-json\/wp\/v2\/types\/page"}],"author":[{"embeddable":true,"href":"https:\/\/www.cleverreach.com\/es\/wp-json\/wp\/v2\/users\/4"}],"replies":[{"embeddable":true,"href":"https:\/\/www.cleverreach.com\/es\/wp-json\/wp\/v2\/comments?post=90970"}],"version-history":[{"count":0,"href":"https:\/\/www.cleverreach.com\/es\/wp-json\/wp\/v2\/pages\/90970\/revisions"}],"wp:attachment":[{"href":"https:\/\/www.cleverreach.com\/es\/wp-json\/wp\/v2\/media?parent=90970"}],"curies":[{"name":"wp","href":"https:\/\/api.w.org\/{rel}","templated":true}]}}