{"id":68176,"date":"2022-05-30T23:55:42","date_gmt":"2022-05-30T23:55:42","guid":{"rendered":"https:\/\/www.cleverreach.com\/?page_id=68176"},"modified":"2025-12-19T11:40:13","modified_gmt":"2025-12-19T10:40:13","slug":"jobs","status":"publish","type":"page","link":"https:\/\/www.cleverreach.com\/de-de\/jobs\/","title":{"rendered":"Jobs"},"content":{"rendered":"","protected":false},"excerpt":{"rendered":"","protected":false},"author":21,"featured_media":0,"parent":0,"menu_order":0,"comment_status":"closed","ping_status":"closed","template":"templates\/page-jobs.php","meta":{"footnotes":""},"class_list":["post-68176","page","type-page","status-publish","hentry"],"meta_box":{"cr_url_replacer":[],"wec_item":[],"modal_insert":[],"script_after_tagmanager":"","c_login_img":[],"c_login_bg_color":"","c_login_teaser":[],"cb_price_layout":[],"hero_tt_preline_txt":"","hero_tt_title":"","hero_tt_txt":"","hero_tt_img":[],"hero_ti_preline_txt":"","hero_ti_title":"Werde Teil unserer Erfolgsstory","hero_ti_title_h1":"Finde den passenden Job bei CleverReach","hero_ti_txt":"<p>Auf dich haben wir gewartet! Werde Teil von CleverReach und profitiere von zahlreichen Benefits.<\/p>\n<p>CleverReach geh\u00f6rt mit \u00fcber [show_customer_counter] Kunden in mehr als 170 L\u00e4ndern zu den international f\u00fchrenden E-Mail-Marketing-Anbieter. Mit unserer cloudbasierten L\u00f6sung helfen wir Unternehmen weltweit bei der Erstellung, dem Versand und der Analyse von E-Mail-Marketing-Kampagnen.<\/p>\n<p><strong>Was es besonders macht bei uns zu arbeiten?<br \/>\n<\/strong>Das ist schnell beantwortet: Unser Team, unsere Unternehmenskultur und die sinnhafte M\u00f6glichkeit zur Mitgestaltung. \u00dcberzeuge dich selbst davon und wirf einen Blick auf unseren\u00a0<a href=\"https:\/\/www.instagram.com\/cleverreach\/\" target=\"_blank\" rel=\"noopener\">Instagram-Kanal<\/a>.<\/p>\n","hero_ti_btn":{"hero_ti_btn_select_url":"internal","hero_ti_btn_txt":"Mehr \u00fcber CleverReach erfahren","hero_ti_btn_url_internal":"66291","hero_ti_btn_url_external":"https:\/\/www.cleverreach.com\/de-de\/ueber-uns\/"},"hero_ti_btn2":{"hero_ti_btn2_select_url":"internal"},"hero_ti_img":[{"width":900,"height":800,"file":"2025\/01\/jobs-hero.png","filesize":246715,"sizes":{"blog-img-hero-full":{"file":"jobs-hero-900x720.png","width":900,"height":720,"mime-type":"image\/png","filesize":243157},"blog-img-hero-medium":{"file":"jobs-hero-800x400.png","width":800,"height":400,"mime-type":"image\/png","filesize":136157},"blog-img-grid-full":{"file":"jobs-hero-720x480.png","width":720,"height":480,"mime-type":"image\/png","filesize":138734},"blog-img-grid-medium":{"file":"jobs-hero-540x360.png","width":540,"height":360,"mime-type":"image\/png","filesize":82610},"blog-img-grid-small":{"file":"jobs-hero-360x240.png","width":360,"height":240,"mime-type":"image\/png","filesize":40603},"hero-shape-full":{"file":"jobs-hero-720x640.png","width":720,"height":640,"mime-type":"image\/png","filesize":151519},"hero-shape-medium":{"file":"jobs-hero-540x480.png","width":540,"height":480,"mime-type":"image\/png","filesize":92100},"content-img-medium":{"file":"jobs-hero-720x640.png","width":720,"height":640,"mime-type":"image\/png","filesize":494237},"content-img-small":{"file":"jobs-hero-540x480.png","width":540,"height":480,"mime-type":"image\/png","filesize":296694}},"image_meta":{"aperture":"0","credit":"","camera":"","caption":"","created_timestamp":"0","copyright":"","focal_length":"0","iso":"0","shutter_speed":"0","title":"","orientation":"0","keywords":[]},"ID":"125873","name":"jobs-hero.png","path":"\/home\/cleverreach\/public_html\/wp-content\/uploads\/2025\/01\/jobs-hero.png","url":"https:\/\/www.cleverreach.com\/wp-content\/uploads\/2025\/01\/jobs-hero.png","title":"jobs-hero"}],"hero_ti_gfx":[],"hero_ti_shape":"","hero_ti_richtext":"","hero_ti_bullets":[],"hero_ti_img_wireminds_shortcode":"","hero_ti_translation_protect":"0","cb_layouts":[{"cb_select":"cb_html","cb_t":{"cb_t_nav_title":"Aktuelle Jobangebote","cb_t_title":"Aktuelle Jobangebote","cb_t_txt":"[hcmjobs]","cb_t_btn":{"cb_t_btn_select_url":"internal","cb_t_btn_url_modal":"cr_pricing_modal_lite_default"},"cb_t_layout":"col-100","cb_t_center":"1","cb_t_bg_color":"bg-transparent"},"cb_ti":{"cb_ti_btn":{"cb_ti_btn_select_url":"internal"},"cb_ti_bg_color":"bg-transparent","cb_ti_layout":"img_txt","cb_ti_t_layout":"inside"},"cb_tv":{"cb_tv_btn":{"cb_tv_btn_select_url":"internal","cb_tv_btn_url_modal":"cr_pricing_modal_lite_default"},"cb_tv_layout":"col-100","cb_tv_t_layout":"inside","cb_tv_bg_color":"bg-transparent"},"cb_it":{"cb_it_btn":{"cb_it_btn_select_url":"internal","cb_it_btn_url_modal":"cr_pricing_modal_lite_default"},"cb_it_bg_color":"bg-transparent"},"cb_cta_banner":{"cb_cta_banner_btn":{"cb_cta_banner_btn_select_url":"internal"},"cb_cta_banner_bg_img":"bg-image-1 white"},"cb_ib":[{"cb_ib_btn":{"cb_ib_btn_select_url":"internal"}}],"cb_references":{"cb_ref_layout":"slider"},"cb_testimonials":{"cb_test_layout":"single","cb_test_single_select":"0","cb_test_bg_color":"bg-transparent"},"cb_tarifflist":{"cb_tarifflist_layout":"col","cb_tarifflist_tariffentry":[{"cb_tarifflist_tariffentry_select_tariff_coupon":"tariff"}],"cb_tarifflist_panel_displayentries":["title","desc","features"],"cb_tarifflist_modal_displayentries":["title","features"]},"cb_faq":{"cb_faq_bg_color":"bg-transparent"}}],"cr_translation_protect":"0"},"_links":{"self":[{"href":"https:\/\/www.cleverreach.com\/de-de\/wp-json\/wp\/v2\/pages\/68176","targetHints":{"allow":["GET"]}}],"collection":[{"href":"https:\/\/www.cleverreach.com\/de-de\/wp-json\/wp\/v2\/pages"}],"about":[{"href":"https:\/\/www.cleverreach.com\/de-de\/wp-json\/wp\/v2\/types\/page"}],"author":[{"embeddable":true,"href":"https:\/\/www.cleverreach.com\/de-de\/wp-json\/wp\/v2\/users\/21"}],"replies":[{"embeddable":true,"href":"https:\/\/www.cleverreach.com\/de-de\/wp-json\/wp\/v2\/comments?post=68176"}],"version-history":[{"count":1,"href":"https:\/\/www.cleverreach.com\/de-de\/wp-json\/wp\/v2\/pages\/68176\/revisions"}],"predecessor-version":[{"id":123731,"href":"https:\/\/www.cleverreach.com\/de-de\/wp-json\/wp\/v2\/pages\/68176\/revisions\/123731"}],"wp:attachment":[{"href":"https:\/\/www.cleverreach.com\/de-de\/wp-json\/wp\/v2\/media?parent=68176"}],"curies":[{"name":"wp","href":"https:\/\/api.w.org\/{rel}","templated":true}]}}