{"id":35,"date":"2021-12-08T16:10:13","date_gmt":"2021-12-08T16:10:13","guid":{"rendered":"https:\/\/www.cleverreach.com\/?page_id=35"},"modified":"2026-03-05T13:58:19","modified_gmt":"2026-03-05T12:58:19","slug":"login","status":"publish","type":"page","link":"https:\/\/www.cleverreach.com\/de-de\/login\/","title":{"rendered":"Login"},"content":{"rendered":"","protected":false},"excerpt":{"rendered":"","protected":false},"author":21,"featured_media":0,"parent":0,"menu_order":130,"comment_status":"closed","ping_status":"closed","template":"templates\/page-login.php","meta":{"footnotes":""},"class_list":["post-35","page","type-page","status-publish","hentry"],"meta_box":{"cr_url_replacer":[],"wec_item":[],"modal_insert":[],"script_after_tagmanager":"","c_login_img":[{"width":84,"height":96,"file":"2023\/01\/bg-login-scaledown.png","filesize":9409,"sizes":{"blog-img-hero-full":{"file":"bg-login-scaledown-1440x720.png","width":1440,"height":720,"mime-type":"image\/png","filesize":3482,"url":"https:\/\/www.cleverreach.com\/wp-content\/uploads\/2023\/01\/bg-login-scaledown-1440x720.png"},"blog-img-hero-medium":{"file":"bg-login-scaledown-800x400.png","width":800,"height":400,"mime-type":"image\/png","filesize":2006,"url":"https:\/\/www.cleverreach.com\/wp-content\/uploads\/2023\/01\/bg-login-scaledown-800x400.png"},"blog-img-grid-full":{"file":"bg-login-scaledown-720x480.png","width":720,"height":480,"mime-type":"image\/png","filesize":2465,"url":"https:\/\/www.cleverreach.com\/wp-content\/uploads\/2023\/01\/bg-login-scaledown-720x480.png"},"blog-img-grid-medium":{"file":"bg-login-scaledown-540x360.png","width":540,"height":360,"mime-type":"image\/png","filesize":1773,"url":"https:\/\/www.cleverreach.com\/wp-content\/uploads\/2023\/01\/bg-login-scaledown-540x360.png"},"blog-img-grid-small":{"file":"bg-login-scaledown-360x240.png","width":360,"height":240,"mime-type":"image\/png","filesize":1130,"url":"https:\/\/www.cleverreach.com\/wp-content\/uploads\/2023\/01\/bg-login-scaledown-360x240.png"},"hero-shape-full":{"file":"bg-login-scaledown-720x640.png","width":720,"height":640,"mime-type":"image\/png","filesize":2975,"url":"https:\/\/www.cleverreach.com\/wp-content\/uploads\/2023\/01\/bg-login-scaledown-720x640.png"},"hero-shape-medium":{"file":"bg-login-scaledown-540x480.png","width":540,"height":480,"mime-type":"image\/png","filesize":2248,"url":"https:\/\/www.cleverreach.com\/wp-content\/uploads\/2023\/01\/bg-login-scaledown-540x480.png"},"content-img-full":{"file":"bg-login-scaledown-1440x1653.png","width":1440,"height":1653,"mime-type":"image\/png","filesize":7724,"url":"https:\/\/www.cleverreach.com\/wp-content\/uploads\/2023\/01\/bg-login-scaledown-1440x1653.png"},"content-img-large":{"file":"bg-login-scaledown-1000x1148.png","width":1000,"height":1148,"mime-type":"image\/png","filesize":5129,"url":"https:\/\/www.cleverreach.com\/wp-content\/uploads\/2023\/01\/bg-login-scaledown-1000x1148.png"},"content-img-medium":{"file":"bg-login-scaledown-720x826.png","width":720,"height":826,"mime-type":"image\/png","filesize":3858,"url":"https:\/\/www.cleverreach.com\/wp-content\/uploads\/2023\/01\/bg-login-scaledown-720x826.png"},"content-img-small":{"file":"bg-login-scaledown-540x620.png","width":540,"height":620,"mime-type":"image\/png","filesize":2659,"url":"https:\/\/www.cleverreach.com\/wp-content\/uploads\/2023\/01\/bg-login-scaledown-540x620.png"}},"image_meta":{"aperture":"0","credit":"","camera":"","caption":"","created_timestamp":"0","copyright":"","focal_length":"0","iso":"0","shutter_speed":"0","title":"","orientation":"0","keywords":[]},"ID":"81130","name":"bg-login-scaledown.png","path":"\/home\/cleverreach\/public_html\/wp-content\/uploads\/2023\/01\/bg-login-scaledown.png","url":"https:\/\/www.cleverreach.com\/wp-content\/uploads\/2023\/01\/bg-login-scaledown.png","full_url":"https:\/\/www.cleverreach.com\/wp-content\/uploads\/2023\/01\/bg-login-scaledown.png","title":"bg-login-scaledown","caption":"","description":"","alt":"","srcset":"https:\/\/www.cleverreach.com\/wp-content\/uploads\/2023\/01\/bg-login-scaledown-1440x1653.png 1440w, https:\/\/www.cleverreach.com\/wp-content\/uploads\/2023\/01\/bg-login-scaledown-1000x1148.png 1000w, https:\/\/www.cleverreach.com\/wp-content\/uploads\/2023\/01\/bg-login-scaledown-720x826.png 720w, https:\/\/www.cleverreach.com\/wp-content\/uploads\/2023\/01\/bg-login-scaledown-540x620.png 540w"}],"c_login_bg_color":"bg-gray-light","c_login_teaser":[{"c_login_teaser_layout":"img_before","c_login_teaser_title":"<center>ChatGPT im E-Mail Marketing<\/center> ","c_login_teaser_txt":"<p style=\"text-align: center;\">Verwandeln Sie Ihre Newsletter mit ChatGPT in wahre Erfolgsgeschichten.<\/p>","c_login_teaser_img":["81540"],"c_login_teaser_btn":{"c_login_teaser_btn_select_url":"external","c_login_teaser_btn_txt":"Jetzt mehr erfahren","c_login_teaser_btn_url_internal":"81154","c_login_teaser_btn_url_external":"https:\/\/www.cleverreach.com\/de-de\/push-magazin\/e-mail-marketing-tipps\/newsletter-gestaltung-beispiele\/chatgpt-im-email-marketing\/"}},{"c_login_teaser_layout":"img_before","c_login_teaser_title":"<center>CleverReach-Kunden aufgepasst:<\/center>","c_login_teaser_txt":"<p style=\"text-align: center;\"><strong>Sichern Sie sich jetzt 20 % Rabatt auf Ihre HR-Digitalisierung mit Personizer!*<\/strong><\/p>\r\n<p style=\"text-align: center;\">Ihr Team verdient mehr als Excel. Personizer ist die ideale L\u00f6sung, um Ihr HR-Management einfach und effizient zu digitalisieren. Verabschieden Sie sich von Excel und Umlaufmappen und starten Sie noch heute mit dem <strong>\r\nRabatt-Code: CleverHR<\/strong><\/p>","c_login_teaser_img":["132794"],"c_login_teaser_btn":{"c_login_teaser_btn_select_url":"external","c_login_teaser_btn_txt":"Jetzt kostenfrei starten","c_login_teaser_btn_url_external":"https:\/\/www.personizer.com\/de\/?utm_source=cleverreach&utm_medium=banner&utm_campaign=cleverhr"},"c_login_teaser_ad":"1","c_login_teaser_ad_txt_bottom":"*Personizer ist eine Schwesterunternehmung von CleverReach und Teil der \/\/CRASH Unternehmensgruppe."},{"c_login_teaser_layout":"img_before","c_login_teaser_title":"<center>K\u00fcnstliche Intelligenz im neuen Editor<\/center> ","c_login_teaser_txt":"<p style=\"text-align: center;\">Lassen Sie sich im Handumdrehen Text-Vorschl\u00e4ge f\u00fcr Ihre Newsletter schreiben \u2013 mit dem KI-Content-Generator von CleverReach.<\/p>\r\n<p style=\"text-align: center;\"><strong>Jetzt einloggen und ausprobieren!<\/strong><\/p>","c_login_teaser_img":["82144"]},{"c_login_teaser_layout":"img_before","c_login_teaser_title":"<center>Wir suchen den sch\u00f6nsten Newsletter!<\/center> ","c_login_teaser_txt":"<p style=\"text-align: center;\">Sie sind dieses Jahr besonders stolz auf Ihre Weihnachtskampagne? Nutzen Sie die Chance, sich mit Ihrem Newsletter oder Ihrer Automation zu pr\u00e4sentieren, und sichern Sie sich den Gewinn unseres <strong>Newsletter-Awards 2023<\/strong>.<\/p>","c_login_teaser_img":["110085"],"c_login_teaser_btn":{"c_login_teaser_btn_select_url":"external","c_login_teaser_btn_txt":"Jetzt mitmachen","c_login_teaser_btn_url_external":"https:\/\/www.cleverreach.com\/de-de\/land\/weihnachtscontest\/"}},{"c_login_teaser_layout":"img_before","c_login_teaser_title":"<center>Gemeinsam zum Erfolg<\/center> ","c_login_teaser_txt":"<p style=\"text-align: center;\">Entdecken Sie die Community von CleverReach. Stellen Sie anderen Mitgliedern Ihre Fragen und teilen Sie Ihr Wissen.<\/p>","c_login_teaser_img":["111863"],"c_login_teaser_btn":{"c_login_teaser_btn_select_url":"external","c_login_teaser_btn_txt":"Jetzt Teil der Community werden","c_login_teaser_btn_url_external":"https:\/\/support.cleverreach.de\/hc\/de\/community\/topics"}},{"c_login_teaser_layout":"img_before","c_login_teaser_title":"<center>Neue Beta-Funktion: Profilverwaltung f\u00fcr Ihre Empf\u00e4nger<\/center>","c_login_teaser_txt":"<p style=\"text-align: center;\">Mit der Profilverwaltung k\u00f6nnen Ihre Empf\u00e4nger ihre Daten und Interessen selbst verwalten \u2013 ohne manuellen Aufwand f\u00fcr Sie. Lernen Sie die Pr\u00e4ferenzen Ihrer Empf\u00e4nger kennen und versenden Sie noch zielgerichtetere Newsletter.<\/p>\r\n<p style=\"text-align: center;\"><strong>Jetzt einloggen und ausprobieren!<\/strong><\/p>","c_login_teaser_img":["113474"]},{"c_login_teaser_layout":"img_before","c_login_teaser_title":"<center>Neue Beta-Funktion: An- und Abmeldeformulare<\/center>","c_login_teaser_txt":"<p style=\"text-align: center;\">Gewinnen Sie neue Newsletter-Empf\u00e4nger jetzt noch einfacher und gestalten Sie im Handumdrehen ansprechende Formulare.<\/p>\r\n<p style=\"text-align: center;\"><strong>Jetzt einloggen und ausprobieren!<\/strong><\/p>","c_login_teaser_img":["115304"],"c_login_teaser_btn":{"c_login_teaser_btn_url_external":"https:\/\/www.cleverreach.com\/de-de\/push-magazin\/cleverreach-news\/cleverreach-produktnews\/beta-formularmodul\/"}},{"c_login_teaser_layout":"img_before","c_login_teaser_title":"<center>Sind Ihre Newsletter barrierefrei?<\/center>","c_login_teaser_txt":"<p style=\"text-align: center;\">\u00a0Nutzen Sie den Barrierefreiheits-Test und optimieren Sie Ihre E-Mails.\r\nBarrierefreie Newsletter sorgen daf\u00fcr, dass Ihre Botschaften f\u00fcr all Ihre Empf\u00e4nger erlebbar sind \u2013 unabh\u00e4ngig von etwaigen Einschr\u00e4nkungen oder Hilfsmitteln.<\/p>\r\n<p style=\"text-align: center;\"><strong>Jetzt einloggen und ausprobieren!<\/strong><\/p>\r\n<p style=\"text-align: center;\">Tipps rund um barrierefreie Newsletter und das BFSG lesen Sie in unserem PUSH-Magazin \u2013 inkl. kostenloser Checkliste!<\/p>","c_login_teaser_img":["119610"],"c_login_teaser_btn":{"c_login_teaser_btn_select_url":"internal","c_login_teaser_btn_txt":"Jetzt informieren","c_login_teaser_btn_url_internal":"126770"}},{"c_login_teaser_layout":"img_before","c_login_teaser_title":"<center>Verwalten Sie Ihr Marken-Design<\/center>","c_login_teaser_txt":"<p style=\"text-align: center;\">Mit \u201eMein Design\u201c k\u00f6nnen Sie Logos und Farben f\u00fcr Vorlagen speichern. Bei der Bearbeitung von Mails und Formularen k\u00f6nnen Sie Ihr Design dann einfach als Preset nutzen.<\/p>\r\n<p style=\"text-align: center;\"><strong>Jetzt einloggen und testen!<\/strong><\/p>","c_login_teaser_img":["122472"]},{"c_login_teaser_layout":"img_before","c_login_teaser_title":"<center>Wichtiges System-Update: Geplante Downtime in KW 45<\/center>","c_login_teaser_txt":"<p style=\"text-align: center;\">Vom 04. bis 08. November 2024 wird es wegen wichtiger System-Updates t\u00e4glich von 21:00 bis 00:00 Uhr eine geplante Downtime geben. Weitere Infos lesen Sie oben und in Ihrem Account.<\/p>\r\n<p style=\"text-align: center;\">\u00dcber unsere <a href=\"https:\/\/status.cleverreach.com\/\" target=\"_blanc\">Status-Seite<\/a> halten wir Sie die gesamte Zeit \u00fcber auf dem Laufenden.<\/p>","c_login_teaser_img":["124250"]},{"c_login_teaser_layout":"img_before","c_login_teaser_title":"<center>Inspiration f\u00fcr Ihre Kampagnen 2025 gesucht?<\/center>","c_login_teaser_txt":"<p style=\"text-align: center;\">Mit unserem digitalen Versandplan gehen Ihnen nie die Ideen aus:<\/p>\r\n<p style=\"text-align: center;\">Erhalten Sie alle wichtigen Termine und kreative Ideen, um Ihre Kampagnen entspannt zu planen und die wichtigen Ereignisse in Ihrer Branche nicht zu verpassen.<\/p>","c_login_teaser_img":["125950"],"c_login_teaser_btn":{"c_login_teaser_btn_select_url":"internal","c_login_teaser_btn_txt":"Jetzt inspirieren lassen","c_login_teaser_btn_url_internal":"125746"}},{"c_login_teaser_layout":"img_before","c_login_teaser_title":"<center>Begleiten Sie Ihre Kundschaft \u2013 auch nach dem Kauf!<\/center>","c_login_teaser_txt":"<p style=\"text-align: left;\">Im Kompaktkurs mit unserer Partner-Managerin Elena L\u00fcken zeigen wir Ihnen, wie Sie mit gezielten Lifecycle-Kampagnen und intelligentem E-Mail-Marketing die Kundenpflege in der After-Sales-Phase optimieren.<\/p>\r\n<p style=\"text-align: left;\"><strong>Jetzt Termin vormerken: 18.02.2025 um 10 Uhr auf <a href=\"https:\/\/www.youtube.com\/@cleverreach\" target=\"_blank\" rel=\"noopener\">YouTube<\/a>.<\/strong><\/p>","c_login_teaser_img":["126263"]},{"c_login_teaser_activ":"1","c_login_teaser_layout":"img_after","c_login_teaser_txt":"<div class=\"mb3 pa1 br3 bg-white\">\r\n<h3 class=\"center\">Sicherheitswarnung: Vorsicht vor Phishing-E-Mails<\/h3>\r\nLiebe CleverReach-Kunden,\r\n\r\nderzeit sind betr\u00fcgerische Phishing-E-Mails im Umlauf, die darauf abzielen, Ihre Login-Daten zu stehlen. Diese E-Mails sehen oft t\u00e4uschend echt aus und geben vor, CleverReach als Absender zu haben.\r\n\r\n<strong>Daran erkennen Sie echte E-Mails von CleverReach:<\/strong>\r\n<ul>\r\n \t<li>Wir sprechen Sie in der Begr\u00fc\u00dfung mit Namen an<\/li>\r\n \t<li>Die Absender-Domain ist <em>@cleverreach.com\u00a0<\/em><\/li>\r\n \t<li>Die Domain, auf die Sie z. B. zum Login weitergeleitet werden, hei\u00dft <em>cleverreach.com<\/em><\/li>\r\n<\/ul>\r\nWenn Sie eine verd\u00e4chtige E-Mail erhalten, antworten Sie nicht darauf, klicken Sie nicht auf Links und \u00f6ffnen Sie keine Anh\u00e4nge.\r\n\r\nSollten Sie Zweifel an der Echtheit einer CleverReach-E-Mail haben, kontaktieren Sie uns gerne per Anfrage im Service.\r\n\r\nMit freundlichen Gr\u00fc\u00dfen\r\nIhr Team von CleverReach\r\n\r\n<\/div>"},{"c_login_teaser_layout":"img_before","c_login_teaser_title":"<center>Treffsicher ins Postfach Ihrer Empf\u00e4nger<\/center>","c_login_teaser_txt":"<p style=\"text-align: center;\">Machen Sie den Spam-Check: Testen Sie regelm\u00e4\u00dfig vor dem Versand das Spam-Risiko und die Darstellung Ihrer Newsletter in verschiedenen E-Mail-Clients.<\/p>\r\n<p style=\"text-align: center;\"><strong>Jetzt einloggen und testen!<\/strong><\/p>","c_login_teaser_img":["127985"]},{"c_login_teaser_layout":"img_before","c_login_teaser_title":"<center>Danke, dass Sie CleverReach nutzen!<\/center>","c_login_teaser_txt":"<p class=\"p1\" style=\"text-align: center;\">\u00a0Wir freuen uns, wenn Sie mit unserem Service zufrieden sind. Ihr positives Erlebnis hilft auch anderen Unternehmen bei der Entscheidung f\u00fcr das passende Newsletter Tool.<\/p>\r\n<p class=\"p1\" style=\"text-align: center;\">\ud83d\udc49 Teilen Sie Ihre Erfahrung auf Trustpilot und zeigen Sie, wie E-Mail-Marketing mit CleverReach einfach und erfolgreich sein kann.<\/p>\r\n<p class=\"p1\" style=\"text-align: center;\">Ihre Bewertung unterst\u00fctzt nicht nur uns, sondern auch viele andere Unternehmen, die auf echte Erfahrungen wie Ihre vertrauen.<\/p>","c_login_teaser_img":["130766"],"c_login_teaser_btn":{"c_login_teaser_btn_select_url":"external","c_login_teaser_btn_txt":"Jetzt bewerten","c_login_teaser_btn_url_external":"https:\/\/de.trustpilot.com\/evaluate\/cleverreach.com"}},{"c_login_teaser_layout":"img_before","c_login_teaser_title":"<center>Teilen Sie Ihre Erfahrungen mit CleverReach<\/center>","c_login_teaser_txt":"<p style=\"text-align: center;\">Wir m\u00f6chten Ihnen ein gro\u00dfartiges Kundenerlebnis bieten und uns kontinuierlich verbessern. Daf\u00fcr ist ehrliches Kundenfeedback sehr wichtig.<\/p>\r\n<p style=\"text-align: center;\">Ihre Bewertung hilft nicht nur uns, sondern auch neuen Kundinnen und Kunden, die sich auf aktuelle Erfahrungen verlassen m\u00f6chten.<\/p>\r\n<p style=\"text-align: center;\">Unterst\u00fctzen Sie unsere Weiterentwicklung und teilen Sie Ihre Erfahrungen mit CleverReach bei Google.<\/p>","c_login_teaser_img":["130766"],"c_login_teaser_btn":{"c_login_teaser_btn_select_url":"external","c_login_teaser_btn_txt":"Jetzt bewerten","c_login_teaser_btn_url_external":"https:\/\/g.page\/r\/CeNRKTQHm-dUEAE\/review"}}],"cb_price_layout":[],"hero_tt_preline_txt":"","hero_tt_title":"","hero_tt_txt":"","hero_tt_img":[],"hero_ti_preline_txt":"","hero_ti_title":"","hero_ti_title_h1":"","hero_ti_txt":"","hero_ti_btn":[],"hero_ti_btn2":[],"hero_ti_img":[],"hero_ti_gfx":[],"hero_ti_shape":"","hero_ti_richtext":"","hero_ti_bullets":[],"hero_ti_img_wireminds_shortcode":"","hero_ti_translation_protect":"","cb_layouts":[{"cb_select":"cb_ti","cb_ti":{"cb_ti_btn":{"cb_ti_btn_style":"btn-solid"},"cb_ti_bg_color":"bg-transparent","cb_ti_layout":"cb_ti_layout_it"},"cb_cta_banner":{"cb_cta_banner_bg_img":"bg-image-1 white"}}],"cr_translation_protect":"0"},"_links":{"self":[{"href":"https:\/\/www.cleverreach.com\/de-de\/wp-json\/wp\/v2\/pages\/35","targetHints":{"allow":["GET"]}}],"collection":[{"href":"https:\/\/www.cleverreach.com\/de-de\/wp-json\/wp\/v2\/pages"}],"about":[{"href":"https:\/\/www.cleverreach.com\/de-de\/wp-json\/wp\/v2\/types\/page"}],"author":[{"embeddable":true,"href":"https:\/\/www.cleverreach.com\/de-de\/wp-json\/wp\/v2\/users\/21"}],"replies":[{"embeddable":true,"href":"https:\/\/www.cleverreach.com\/de-de\/wp-json\/wp\/v2\/comments?post=35"}],"version-history":[{"count":1,"href":"https:\/\/www.cleverreach.com\/de-de\/wp-json\/wp\/v2\/pages\/35\/revisions"}],"predecessor-version":[{"id":115320,"href":"https:\/\/www.cleverreach.com\/de-de\/wp-json\/wp\/v2\/pages\/35\/revisions\/115320"}],"wp:attachment":[{"href":"https:\/\/www.cleverreach.com\/de-de\/wp-json\/wp\/v2\/media?parent=35"}],"curies":[{"name":"wp","href":"https:\/\/api.w.org\/{rel}","templated":true}]}}